{"id":2081,"date":"2025-03-07T14:05:29","date_gmt":"2025-03-07T14:05:29","guid":{"rendered":"https:\/\/www.metallbau-hartinger.de\/?page_id=2081"},"modified":"2025-04-22T10:11:56","modified_gmt":"2025-04-22T10:11:56","slug":"kontakt","status":"publish","type":"page","link":"https:\/\/www.metallbau-hartinger.de\/?page_id=2081","title":{"rendered":"Kontakt"},"content":{"rendered":"<div>\n<p>Kontaktiere uns f\u00fcr professionelle L\u00f6sungen \u2013 <br \/>wir sind f\u00fcr dich da!<\/p>\n<\/div>\n<div>\n<p>Kontaktiere uns f\u00fcr professionelle L\u00f6sungen \u2013 <br \/>wir sind f\u00fcr dich da!<\/p>\n<\/div>\n<h4>Follow uns on Social Media<\/h4>\n<ul>\n<li><a href=\"https:\/\/www.instagram.com\/hartinger_metallbau\/?hl=de\">instagram<\/a>\n<\/li>\n<li><a href=\"https:\/\/www.facebook.com\/profile.php?id=100063673805333\">facebook<\/a>\n<\/li>\n<\/ul>\n<div>\n<p>47.679849649999994,9.82585080218887<\/p>\n<h3>Hartinger<\/h3>\n<p>Dominic Hartinger<\/p>\n<div>\n<p>Webereiweg 4<br \/>88239 Wangen im Allg\u00e4u<\/p>\n<\/div>\n<\/div>\n<div>\n<p>47.679849649999994,9.82585080218887<\/p>\n<h3>Hartinger<\/h3>\n<p>Dominic Hartinger<\/p>\n<div>\n<p>Webereiweg 4<br \/>88239 Wangen im Allg\u00e4u<\/p>\n<\/div>\n<\/div>\n<p><img decoding=\"async\" src=\"\/wp-content\/uploads\/2025\/04\/hartinger_Logo_weiss2025.png\" alt=\"\"><\/p>\n<div>\n<p>Webereiweg 4<br \/>88239 Wangen im Allg\u00e4u<\/p>\n<\/div>\n<ul>\n<li>\n<h4>+49 (0) 7522 4349<\/h4>\n<p><a href=\"tel:004975224349\"><\/a><\/p>\n<\/li>\n<li>\n<h4>info@metallbau-hartinger.de<\/h4>\n<p><a href=\"mailto:info@metallbau-hartinger.de\"><\/a><\/p>\n<\/li>\n<\/ul>\n<h3>Direkt Anfragen<\/h3>\n<div>\n<style id=\"wpforms-css-vars-2277\">\n\t\t\t\t#wpforms-2277 {\n\t\t\t\t\n\t\t\t}\n\t\t\t<\/style><div class=\"wpforms-container wpforms-container-full wpforms-render-modern\" id=\"wpforms-2277\"><form id=\"wpforms-form-2277\" class=\"wpforms-validate wpforms-form wpforms-ajax-form\" data-formid=\"2277\" method=\"post\" enctype=\"multipart\/form-data\" action=\"\/index.php?rest_route=%2Fwp%2Fv2%2Fpages%2F2081\" data-token=\"8b6be64d5edfeca424f87ce1cfc126af\" data-token-time=\"1778069157\"><noscript class=\"wpforms-error-noscript\">Bitte aktiviere JavaScript in deinem Browser, um dieses Formular fertigzustellen.<\/noscript><div id=\"wpforms-error-noscript\" style=\"display: none;\">Bitte aktiviere JavaScript in deinem Browser, um dieses Formular fertigzustellen.<\/div><div class=\"wpforms-field-container\"><div id=\"wpforms-2277-field_1-container\" class=\"wpforms-field wpforms-field-name\" data-field-id=\"1\"><fieldset><legend class=\"wpforms-field-label\">Name <span class=\"wpforms-required-label\" aria-hidden=\"true\">*<\/span><\/legend><div class=\"wpforms-field-row wpforms-field-medium\"><div class=\"wpforms-field-row-block wpforms-first wpforms-one-half\"><input type=\"text\" id=\"wpforms-2277-field_1\" class=\"wpforms-field-name-first wpforms-field-required\" name=\"wpforms[fields][1][first]\" aria-errormessage=\"wpforms-2277-field_1-error\" required><label for=\"wpforms-2277-field_1\" class=\"wpforms-field-sublabel after\">Vorname<\/label><\/div><div class=\"wpforms-field-row-block wpforms-one-half\"><input type=\"text\" id=\"wpforms-2277-field_1-last\" class=\"wpforms-field-name-last wpforms-field-required\" name=\"wpforms[fields][1][last]\" aria-errormessage=\"wpforms-2277-field_1-last-error\" required><label for=\"wpforms-2277-field_1-last\" class=\"wpforms-field-sublabel after\">Nachname<\/label><\/div><\/div><\/fieldset><\/div><div id=\"wpforms-2277-field_2-container\" class=\"wpforms-field wpforms-field-email\" data-field-id=\"2\"><label class=\"wpforms-field-label\" for=\"wpforms-2277-field_2\">E-Mail-Adresse <span class=\"wpforms-required-label\" aria-hidden=\"true\">*<\/span><\/label><input type=\"email\" id=\"wpforms-2277-field_2\" class=\"wpforms-field-medium wpforms-field-required\" name=\"wpforms[fields][2]\" spellcheck=\"false\" aria-errormessage=\"wpforms-2277-field_2-error\" required><\/div><div id=\"wpforms-2277-field_5-container\" class=\"wpforms-field wpforms-field-text\" data-field-id=\"5\"><label class=\"wpforms-field-label\" for=\"wpforms-2277-field_5\">Betreff <span class=\"wpforms-required-label\" aria-hidden=\"true\">*<\/span><\/label><input type=\"text\" id=\"wpforms-2277-field_5\" class=\"wpforms-field-medium wpforms-field-required\" name=\"wpforms[fields][5]\" aria-errormessage=\"wpforms-2277-field_5-error\" required><\/div><div id=\"wpforms-2277-field_4-container\" class=\"wpforms-field wpforms-field-select wpforms-field-select-style-classic\" data-field-id=\"4\"><label class=\"wpforms-field-label\" for=\"wpforms-2277-field_4\">Anliegen <span class=\"wpforms-required-label\" aria-hidden=\"true\">*<\/span><\/label><select id=\"wpforms-2277-field_4\" class=\"wpforms-field-medium wpforms-field-required\" name=\"wpforms[fields][4]\" required=\"required\"><option value=\"Sonstiges\"  class=\"choice-5 depth-1\"  >Sonstiges<\/option><option value=\"Reparaturservice\"  class=\"choice-1 depth-1\"  >Reparaturservice<\/option><option value=\"Schl\u00fcsselservice\"  class=\"choice-2 depth-1\"  >Schl\u00fcsselservice<\/option><option value=\"Indurstrieservice\"  class=\"choice-3 depth-1\"  >Indurstrieservice<\/option><option value=\"Produkinformationen\"  class=\"choice-4 depth-1\"  >Produkinformationen<\/option><\/select><\/div>\t\t<div id=\"wpforms-2277-field_7-container\"\n\t\t\tclass=\"wpforms-field wpforms-field-text\"\n\t\t\tdata-field-type=\"text\"\n\t\t\tdata-field-id=\"7\"\n\t\t\t>\n\t\t\t<label class=\"wpforms-field-label\" for=\"wpforms-2277-field_7\" >Datenschutz Mitteilung Betreff<\/label>\n\t\t\t<input type=\"text\" id=\"wpforms-2277-field_7\" class=\"wpforms-field-medium\" name=\"wpforms[fields][7]\" >\n\t\t<\/div>\n\t\t<div id=\"wpforms-2277-field_3-container\" class=\"wpforms-field wpforms-field-textarea\" data-field-id=\"3\"><label class=\"wpforms-field-label\" for=\"wpforms-2277-field_3\">Mitteilung<\/label><textarea id=\"wpforms-2277-field_3\" class=\"wpforms-field-medium\" name=\"wpforms[fields][3]\" aria-errormessage=\"wpforms-2277-field_3-error\" aria-describedby=\"wpforms-2277-field_3-description\" ><\/textarea><div id=\"wpforms-2277-field_3-description\" class=\"wpforms-field-description\">Kommentar oder Nachricht<\/div><\/div><div id=\"wpforms-2277-field_6-container\" class=\"wpforms-field wpforms-field-checkbox\" data-field-id=\"6\"><fieldset><legend class=\"wpforms-field-label\">Datenschutz <span class=\"wpforms-required-label\" aria-hidden=\"true\">*<\/span><\/legend><ul id=\"wpforms-2277-field_6\" class=\"wpforms-field-required\"><li class=\"choice-1 depth-1\"><input type=\"checkbox\" id=\"wpforms-2277-field_6_1\" name=\"wpforms[fields][6][]\" value=\"Ja, ich habe die Datenschutzerkl\u00e4rung zur Kenntnis genommen und bin damit einverstanden, dass die von mir angegebenen Daten elektronische erhoben und gespeichert werden. Meine Daten werden dabei nur streng zweckgebunden zur Bearbeitung und Beantwortung meiner Anfrage genutzt.\" aria-errormessage=\"wpforms-2277-field_6_1-error\" required ><label class=\"wpforms-field-label-inline\" for=\"wpforms-2277-field_6_1\">Ja, ich habe die Datenschutzerkl\u00e4rung zur Kenntnis genommen und bin damit einverstanden, dass die von mir angegebenen Daten elektronische erhoben und gespeichert werden. Meine Daten werden dabei nur streng zweckgebunden zur Bearbeitung und Beantwortung meiner Anfrage genutzt.<\/label><\/li><\/ul><\/fieldset><\/div><script>\n\t\t\t\t( function() {\n\t\t\t\t\tconst style = document.createElement( 'style' );\n\t\t\t\t\tstyle.appendChild( document.createTextNode( '#wpforms-2277-field_7-container { position: absolute !important; overflow: hidden !important; display: inline !important; height: 1px !important; width: 1px !important; z-index: -1000 !important; padding: 0 !important; } #wpforms-2277-field_7-container input { visibility: hidden; } #wpforms-conversational-form-page #wpforms-2277-field_7-container label { counter-increment: none; }' ) );\n\t\t\t\t\tdocument.head.appendChild( style );\n\t\t\t\t\tdocument.currentScript?.remove();\n\t\t\t\t} )();\n\t\t\t<\/script><\/div><!-- .wpforms-field-container --><div class=\"wpforms-submit-container\" ><input type=\"hidden\" name=\"wpforms[id]\" value=\"2277\"><input type=\"hidden\" name=\"page_title\" value=\"\"><input type=\"hidden\" name=\"page_url\" value=\"https:\/\/www.metallbau-hartinger.de\/index.php?rest_route=\/wp\/v2\/pages\/2081\"><input type=\"hidden\" name=\"url_referer\" value=\"\"><button type=\"submit\" name=\"wpforms[submit]\" id=\"wpforms-submit-2277\" class=\"wpforms-submit\" data-alt-text=\"Wird gesendet\u00a0\u2026\" data-submit-text=\"Absenden\" aria-live=\"assertive\" value=\"wpforms-submit\">Absenden<\/button><img loading=\"lazy\" decoding=\"async\" src=\"https:\/\/www.metallbau-hartinger.de\/wp-content\/plugins\/wpforms-lite\/assets\/images\/submit-spin.svg\" class=\"wpforms-submit-spinner\" style=\"display: none;\" width=\"26\" height=\"26\" alt=\"Wird geladen\"><\/div><\/form><\/div>  <!-- .wpforms-container --><\/div>\n<p><!--more--><br \/>\n<!-- {\"type\":\"layout\",\"children\":[{\"name\":\"Hero\",\"type\":\"section\",\"props\":{\"image\":\"wp-content\\\/uploads\\\/2025\\\/03\\\/follow_us-1.png\",\"image_effect\":\"parallax\",\"image_parallax_bgx\":\"-110\",\"image_parallax_bgy\":\"60\",\"image_position\":\"bottom-right\",\"image_width\":130,\"media_visibility\":\"m\",\"style\":\"default\",\"title_breakpoint\":\"xl\",\"title_position\":\"top-left\",\"title_rotation\":\"left\",\"vertical_align\":\"\",\"width\":\"large\"},\"children\":[{\"type\":\"row\",\"children\":[{\"type\":\"column\",\"props\":{\"image_position\":\"center-center\",\"position_sticky_breakpoint\":\"m\",\"vertical_align\":\"bottom\",\"width_large\":\"2-3\",\"width_medium\":\"1-2\"},\"children\":[{\"type\":\"headline\",\"props\":{\"animation\":\"parallax\",\"content\":\"\n\n<p>Kontaktiere uns f\\u00fcr professionelle L\\u00f6sungen \\u2013 <br \\\/>wir sind f\\u00fcr dich da!<\\\/p>\",\"parallax_breakpoint\":\"m\",\"parallax_easing\":\"1\",\"parallax_y\":\"0,-50\",\"text_align\":\"left\",\"text_align_breakpoint\":\"m\",\"text_align_fallback\":\"center\",\"title_element\":\"div\",\"title_style\":\"heading-medium\",\"visibility\":\"s\"},\"name\":\"Headline\"},{\"type\":\"headline\",\"props\":{\"animation\":\"parallax\",\"content\":\"\n\n<p>Kontaktiere uns f\\u00fcr professionelle L\\u00f6sungen \\u2013 <br \\\/>wir sind f\\u00fcr dich da!<\\\/p>\",\"margin_remove_bottom\":true,\"margin_remove_top\":true,\"parallax_breakpoint\":\"m\",\"parallax_easing\":\"1\",\"parallax_y\":\"0,-50\",\"text_align\":\"left\",\"text_align_breakpoint\":\"m\",\"text_align_fallback\":\"center\",\"title_element\":\"div\",\"title_style\":\"h3\",\"visibility\":\"hidden-s\"}}]},{\"type\":\"column\",\"props\":{\"image_position\":\"bottom-center\",\"image_width\":150,\"position_sticky_breakpoint\":\"m\",\"prevent_collapse\":true,\"vertical_align\":\"middle\",\"width_large\":\"1-3\",\"width_medium\":\"1-3\"},\"children\":[{\"type\":\"headline\",\"props\":{\"content\":\"Follow uns on Social Media\",\"text_align\":\"left\",\"text_align_breakpoint\":\"m\",\"text_align_fallback\":\"center\",\"title_element\":\"h4\"}},{\"type\":\"social\",\"props\":{\"grid\":\"horizontal\",\"grid_column_gap\":\"small\",\"grid_row_gap\":\"small\",\"icon_width\":\"25\",\"image_svg_inline\":true,\"link_style\":\"button\",\"link_target\":true,\"margin\":\"default\",\"margin_remove_bottom\":false,\"text_align\":\"left\",\"text_align_breakpoint\":\"m\",\"text_align_fallback\":\"center\"},\"children\":[{\"type\":\"social_item\",\"props\":{\"icon\":\"instagram\",\"link\":\"https:\\\/\\\/www.instagram.com\\\/hartinger_metallbau\\\/?hl=de\"}},{\"type\":\"social_item\",\"props\":{\"icon\":\"facebook\",\"link\":\"https:\\\/\\\/www.facebook.com\\\/profile.php?id=100063673805333\"}}]}]}],\"props\":{\"layout\":\"2-3,1-3\"}}]},{\"name\":\"Contact\",\"type\":\"section\",\"props\":{\"image_position\":\"center-center\",\"padding_remove_bottom\":true,\"padding_remove_top\":true,\"style\":\"default\",\"title_breakpoint\":\"xl\",\"title_position\":\"top-left\",\"title_rotation\":\"left\",\"vertical_align\":\"\",\"width\":\"\"},\"children\":[{\"type\":\"row\",\"props\":{\"column_gap\":\"collapse\",\"layout\":\"2-3,1-3\",\"parallax\":false,\"row_gap\":\"collapse\"},\"children\":[{\"type\":\"column\",\"props\":{\"image_position\":\"center-center\",\"position_sticky_breakpoint\":\"m\",\"width_large\":\"2-3\",\"width_medium\":\"1-2\"},\"children\":[{\"type\":\"map\",\"props\":{\"animation\":\"none\",\"controls\":false,\"dragging\":false,\"height\":650,\"image_svg_color\":\"emphasis\",\"link_style\":\"default\",\"link_text\":\"Read more\",\"margin\":\"default\",\"max_zoom\":18,\"meta_align\":\"below-title\",\"meta_element\":\"div\",\"meta_margin\":\"small\",\"meta_style\":\"text-meta\",\"min_zoom\":0,\"parallax_end\":\"70vh + 70%\",\"parallax_y\":\"30,0\",\"poi\":false,\"show_content\":true,\"show_image\":true,\"show_link\":true,\"show_meta\":true,\"show_title\":true,\"styler_hue\":\"rgb(255, 255, 255)\",\"styler_lightness\":\"42\",\"title_element\":\"h3\",\"title_hover_style\":\"reset\",\"type\":\"roadmap\",\"visibility\":\"m\",\"zoom\":\"13\",\"zooming\":false},\"children\":[{\"type\":\"map_item\",\"props\":{\"content\":\"\n\n<p>Webereiweg 4<br \\\/>88239 Wangen im Allg\\u00e4u<\\\/p>\",\"hide\":false,\"location\":\"47.679849649999994,9.82585080218887\",\"meta\":\"Dominic Hartinger\",\"show_popup\":false,\"title\":\"Hartinger\"}}]},{\"type\":\"map\",\"props\":{\"animation\":\"none\",\"controls\":false,\"dragging\":false,\"height\":450,\"image_svg_color\":\"emphasis\",\"link_style\":\"default\",\"link_text\":\"Read more\",\"margin\":\"default\",\"max_zoom\":18,\"meta_align\":\"below-title\",\"meta_element\":\"div\",\"meta_margin\":\"small\",\"meta_style\":\"text-meta\",\"min_zoom\":0,\"parallax_end\":\"70vh + 70%\",\"parallax_y\":\"30,0\",\"poi\":false,\"show_content\":true,\"show_image\":true,\"show_link\":true,\"show_meta\":true,\"show_title\":true,\"styler_hue\":\"rgb(255, 255, 255)\",\"styler_lightness\":\"42\",\"title_element\":\"h3\",\"title_hover_style\":\"reset\",\"type\":\"roadmap\",\"visibility\":\"hidden-m\",\"zoom\":\"13\",\"zooming\":false},\"children\":[{\"type\":\"map_item\",\"props\":{\"content\":\"\n\n<p>Webereiweg 4<br \\\/>88239 Wangen im Allg\\u00e4u<\\\/p>\",\"hide\":false,\"location\":\"47.679849649999994,9.82585080218887\",\"meta\":\"Dominic Hartinger\",\"show_popup\":false,\"title\":\"Hartinger\"}}]}]},{\"type\":\"column\",\"props\":{\"image_position\":\"center-center\",\"position_sticky_breakpoint\":\"m\",\"preserve_color\":false,\"style\":\"tile-primary\",\"vertical_align\":\"middle\",\"width_large\":\"1-3\",\"width_medium\":\"1-2\"},\"children\":[{\"type\":\"image\",\"props\":{\"image\":\"wp-content\\\/uploads\\\/2025\\\/04\\\/hartinger_Logo_weiss2025.png\",\"image_svg_color\":\"emphasis\",\"image_width\":500,\"margin\":\"default\",\"text_align\":\"left\",\"text_align_breakpoint\":\"m\",\"text_align_fallback\":\"center\"}},{\"type\":\"text\",\"props\":{\"column_breakpoint\":\"m\",\"content\":\"\n\n<p>Webereiweg 4<br \\\/>88239 Wangen im Allg\\u00e4u<\\\/p>\",\"margin\":\"default\"}},{\"type\":\"grid\",\"props\":{\"content_column_breakpoint\":\"m\",\"filter_align\":\"left\",\"filter_all\":true,\"filter_grid_breakpoint\":\"m\",\"filter_grid_width\":\"auto\",\"filter_position\":\"top\",\"filter_style\":\"tab\",\"grid_column_align\":false,\"grid_column_gap\":\"small\",\"grid_default\":\"1\",\"grid_medium\":\"1\",\"grid_row_gap\":\"small\",\"icon_width\":\"40\",\"image_align\":\"left\",\"image_grid_breakpoint\":\"\",\"image_grid_column_gap\":\"collapse\",\"image_grid_width\":\"1-5\",\"image_svg_color\":\"emphasis\",\"item_animation\":true,\"lightbox_bg_close\":true,\"link_size\":\"large\",\"link_style\":\"\",\"link_target\":true,\"link_text\":\"\",\"margin\":\"default\",\"meta_align\":\"below-title\",\"meta_element\":\"div\",\"meta_style\":\"text-meta\",\"panel_link\":true,\"panel_padding\":\"small\",\"panel_style\":\"card-secondary\",\"show_content\":true,\"show_hover_image\":true,\"show_hover_video\":true,\"show_image\":true,\"show_link\":true,\"show_meta\":true,\"show_title\":true,\"show_video\":true,\"text_align\":\"left\",\"title_align\":\"top\",\"title_element\":\"h4\",\"title_grid_breakpoint\":\"m\",\"title_grid_width\":\"1-2\",\"title_hover_style\":\"reset\",\"visibility\":\"m\"},\"children\":[{\"type\":\"grid_item\",\"props\":{\"icon\":\"\",\"link\":\"tel:004975224349\",\"title\":\"+49 (0) 7522 4349\"}},{\"type\":\"grid_item\",\"props\":{\"icon\":\"\",\"link\":\"mailto:info@metallbau-hartinger.de\",\"title\":\"info@metallbau-hartinger.de\"}}]}]}]}]},{\"type\":\"section\",\"props\":{\"image_position\":\"center-center\",\"style\":\"default\",\"title_breakpoint\":\"xl\",\"title_position\":\"top-left\",\"title_rotation\":\"left\",\"vertical_align\":\"middle\",\"width\":\"small\"},\"children\":[{\"type\":\"row\",\"children\":[{\"type\":\"column\",\"props\":{\"image_position\":\"center-center\",\"position_sticky_breakpoint\":\"m\"},\"children\":[{\"type\":\"headline\",\"props\":{\"content\":\"Direkt Anfragen\",\"title_element\":\"h3\"}},{\"type\":\"html\",\"props\":{\"content\":\"[wpforms id=\\\"2277\\\" title=\\\"false\\\"]\"}}]}]}]}],\"version\":\"4.5.13\"} --><\/p>\n","protected":false},"excerpt":{"rendered":"<p>Kontaktiere uns f\u00fcr professionelle L\u00f6sungen \u2013 wir sind f\u00fcr dich da! Kontaktiere uns f\u00fcr professionelle L\u00f6sungen \u2013 wir sind f\u00fcr dich da! Follow uns on Social Media instagram facebook 47.679849649999994,9.82585080218887 Hartinger Dominic Hartinger Webereiweg 488239 Wangen im Allg\u00e4u 47.679849649999994,9.82585080218887 Hartinger Dominic Hartinger Webereiweg 488239 Wangen im Allg\u00e4u Webereiweg 488239 Wangen im Allg\u00e4u +49 (0) 7522 [&hellip;]<\/p>\n","protected":false},"author":1,"featured_media":0,"parent":0,"menu_order":0,"comment_status":"closed","ping_status":"closed","template":"","meta":{"_acf_changed":false,"footnotes":""},"class_list":["post-2081","page","type-page","status-publish","hentry"],"acf":[],"_links":{"self":[{"href":"https:\/\/www.metallbau-hartinger.de\/index.php?rest_route=\/wp\/v2\/pages\/2081","targetHints":{"allow":["GET"]}}],"collection":[{"href":"https:\/\/www.metallbau-hartinger.de\/index.php?rest_route=\/wp\/v2\/pages"}],"about":[{"href":"https:\/\/www.metallbau-hartinger.de\/index.php?rest_route=\/wp\/v2\/types\/page"}],"author":[{"embeddable":true,"href":"https:\/\/www.metallbau-hartinger.de\/index.php?rest_route=\/wp\/v2\/users\/1"}],"replies":[{"embeddable":true,"href":"https:\/\/www.metallbau-hartinger.de\/index.php?rest_route=%2Fwp%2Fv2%2Fcomments&post=2081"}],"version-history":[{"count":164,"href":"https:\/\/www.metallbau-hartinger.de\/index.php?rest_route=\/wp\/v2\/pages\/2081\/revisions"}],"predecessor-version":[{"id":4663,"href":"https:\/\/www.metallbau-hartinger.de\/index.php?rest_route=\/wp\/v2\/pages\/2081\/revisions\/4663"}],"wp:attachment":[{"href":"https:\/\/www.metallbau-hartinger.de\/index.php?rest_route=%2Fwp%2Fv2%2Fmedia&parent=2081"}],"curies":[{"name":"wp","href":"https:\/\/api.w.org\/{rel}","templated":true}]}}