{"id":2481,"date":"2025-03-11T13:17:56","date_gmt":"2025-03-11T13:17:56","guid":{"rendered":"https:\/\/www.metallbau-hartinger.de\/?page_id=2481"},"modified":"2025-04-28T08:45:16","modified_gmt":"2025-04-28T08:45:16","slug":"garagentore","status":"publish","type":"page","link":"https:\/\/www.metallbau-hartinger.de\/?page_id=2481","title":{"rendered":"Garagentore"},"content":{"rendered":"<div>\n<p>    <img decoding=\"async\" src=\"\/wp-content\/uploads\/2025\/04\/GSW-40-L-Mittelsicke-weiss_2560x1200k.jpg\" alt=\"Garagentore, Hartinger - Metallbau &#038; Schlosserei\"><\/p>\n<div>Garagentore<\/div>\n<p>Hartinger &#8211; Metallbau &#038; Schlosserei<\/p>\n<\/div>\n<div>\n<p>    <img decoding=\"async\" src=\"\/wp-content\/uploads\/2025\/04\/GSW-40-L-Mittelsicke-weissk.jpg\" alt=\"Garagentore, Hartinger - Metallbau &#038; Schlosserei\"><\/p>\n<div>Garagentore<\/div>\n<p>Hartinger &#8211; Metallbau &#038; Schlosserei<\/p>\n<\/div>\n<div>Komfort, Sicherheit und Design nach Ma\u00df<\/div>\n<h1>Garagentore, f\u00fcr zu Hause<\/h1>\n<div>\n<p data-start=\"217\" data-end=\"488\" class=\"\">Ein Garagentor ist mehr als nur ein Zugang \u2013 es sch\u00fctzt, spart Platz und erg\u00e4nzt die Architektur Ihres Hauses. Teckentrup bietet mit der Produktlinie <strong data-start=\"367\" data-end=\"378\">CarTeck<\/strong> Garagentore, die durch moderne Technik, flexible Gestaltungsm\u00f6glichkeiten und langlebige Qualit\u00e4t \u00fcberzeugen.<\/p>\n<p data-start=\"490\" data-end=\"882\" class=\"\">Ob <strong data-start=\"493\" data-end=\"507\">Schwingtor<\/strong> oder <strong data-start=\"513\" data-end=\"529\">Sektionaltor<\/strong> \u2013 beide Varianten sind <strong data-start=\"553\" data-end=\"578\">doppelwandig isoliert<\/strong>, <strong data-start=\"580\" data-end=\"598\">motorbetrieben<\/strong> und in individuellen Ma\u00dfen bis zu <strong data-start=\"633\" data-end=\"650\">6,25\u202fm Breite<\/strong> und <strong data-start=\"655\" data-end=\"667\">3\u202fm H\u00f6he<\/strong> erh\u00e4ltlich. W\u00e4hrend Schwingtore mit bew\u00e4hrter Technik und vielf\u00e4ltigem Design punkten, \u00f6ffnen Sektionaltore senkrecht und schaffen mehr Platz vor der Garage \u2013 ideal f\u00fcr kurze Einfahrten oder enge Platzverh\u00e4ltnisse.<\/p>\n<\/div>\n<ul>\n<li>\n<p>        <img decoding=\"async\" src=\"\/wp-content\/uploads\/2025\/04\/CarTeck-GSW-40-M-MiSi_1000x1000k.jpg\" alt=\"\"><\/p>\n<h4>Sektionaltore<\/h4>\n<p><a href=\"https:\/\/www.teckentrup.biz\/garagentor\"><\/a><\/p>\n<\/li>\n<li>\n<p>        <img decoding=\"async\" src=\"\/wp-content\/uploads\/2025\/04\/Schwingtor-weiss-RAL-7016_1000k-1000k.jpg\" alt=\"\"><\/p>\n<h4>Schwingtore<\/h4>\n<p><a href=\"https:\/\/www.teckentrup.biz\/garagentor\"><\/a><\/p>\n<\/li>\n<li>\n<p>        <img decoding=\"async\" src=\"\/wp-content\/uploads\/2025\/04\/TT_Drehfluegeltor-2_1000x1000k.jpg\" alt=\"\"><\/p>\n<h4>Drehfl\u00fcgeltore<\/h4>\n<p><a href=\"https:\/\/www.teckentrup.biz\/garagentor\"><\/a><\/p>\n<\/li>\n<\/ul>\n<div>\n<h3>DIN-Normen<\/h3>\n<div>\n<p><strong data-start=\"884\" data-end=\"907\">CarTeck Garagentore<\/strong> erf\u00fcllen h\u00f6chste Qualit\u00e4tsstandards nach <strong data-start=\"949\" data-end=\"968\">DIN EN ISO 9001<\/strong> und vereinen moderne Sicherheitsfeatures wie Fingerklemmschutz, Aufschubsicherung und Hinderniserkennung bei motorisiertem Betrieb. F\u00fcr zus\u00e4tzlichen Komfort lassen sich die Tore bequem per Handsender, App oder Smart-Home-System steuern.<\/p>\n<\/div>\n<\/div>\n<div>\n<p>        <img decoding=\"async\" src=\"\/wp-content\/uploads\/2025\/03\/Teckentrup_Logo_CMYK_Black-scaled.jpg\" alt=\"\"><\/p>\n<p><a href=\"https:\/\/www.teckentrup.biz\/\"><\/a><\/p>\n<\/div>\n<p><!--more--><br \/>\n<!-- {\"type\":\"layout\",\"children\":[{\"type\":\"section\",\"props\":{\"image_position\":\"center-center\",\"padding_remove_bottom\":true,\"padding_remove_top\":true,\"style\":\"default\",\"title_breakpoint\":\"xl\",\"title_position\":\"top-left\",\"title_rotation\":\"left\",\"vertical_align\":\"middle\",\"width\":\"\"},\"children\":[{\"type\":\"row\",\"children\":[{\"type\":\"column\",\"props\":{\"image_position\":\"center-center\",\"position_sticky_breakpoint\":\"m\"},\"children\":[{\"type\":\"slideshow\",\"props\":{\"animation\":\"parallax\",\"content_expand\":false,\"link_style\":\"default\",\"link_text\":\"Read more\",\"margin\":\"default\",\"meta_align\":\"below-title\",\"meta_element\":\"div\",\"meta_style\":\"h4\",\"nav\":\"\",\"nav_align\":\"center\",\"nav_breakpoint\":\"s\",\"nav_position\":\"bottom-center\",\"nav_position_margin\":\"medium\",\"overlay_animation\":\"parallax\",\"overlay_margin\":\"large\",\"overlay_parallax_x\":\"40\",\"overlay_position\":\"center\",\"parallax_opacity\":\"0.2\",\"parallax_scale\":\"0.9\",\"show_content\":true,\"show_link\":true,\"show_meta\":true,\"show_thumbnail\":true,\"show_title\":true,\"slidenav\":\"default\",\"slidenav_breakpoint\":\"s\",\"slidenav_hover\":false,\"slidenav_large\":true,\"slidenav_margin\":\"medium\",\"slidenav_outside_breakpoint\":\"xl\",\"slideshow_autoplay_pause\":true,\"slideshow_min_height\":300,\"slideshow_ratio\":\"16:7\",\"text_align\":\"center\",\"thumbnav_height\":\"75\",\"thumbnav_svg_color\":\"emphasis\",\"thumbnav_width\":\"100\",\"title_element\":\"div\",\"title_hover_style\":\"reset\",\"title_style\":\"heading-large\",\"visibility\":\"m\"},\"children\":[{\"type\":\"slideshow_item\",\"props\":{\"content\":\"\",\"image\":\"wp-content\\\/uploads\\\/2025\\\/04\\\/GSW-40-L-Mittelsicke-weiss_2560x1200k.jpg\",\"image_alt\":\"Garagentore, Hartinger - Metallbau & Schlosserei\",\"media_overlay\":\"rgba(0, 0, 0, 0.23)\",\"meta\":\"Hartinger - Metallbau & Schlosserei\",\"text_color\":\"light\",\"title\":\"Garagentore\"}}]}]}]}],\"name\":\"slideshow gro\\u00df NEU\"},{\"type\":\"section\",\"props\":{\"image_position\":\"center-center\",\"padding_remove_bottom\":true,\"padding_remove_top\":true,\"style\":\"default\",\"title_breakpoint\":\"xl\",\"title_position\":\"top-left\",\"title_rotation\":\"left\",\"vertical_align\":\"middle\",\"width\":\"\"},\"children\":[{\"type\":\"row\",\"children\":[{\"type\":\"column\",\"props\":{\"image_position\":\"center-center\",\"position_sticky_breakpoint\":\"m\"},\"children\":[{\"type\":\"slideshow\",\"props\":{\"animation\":\"parallax\",\"content_expand\":false,\"link_style\":\"default\",\"link_text\":\"Read more\",\"margin\":\"default\",\"meta_align\":\"below-title\",\"meta_element\":\"div\",\"meta_margin\":\"small\",\"meta_style\":\"h4\",\"nav\":\"\",\"nav_align\":\"center\",\"nav_breakpoint\":\"s\",\"nav_position\":\"bottom-center\",\"nav_position_margin\":\"medium\",\"overlay_animation\":\"parallax\",\"overlay_margin\":\"large\",\"overlay_position\":\"center\",\"parallax_opacity\":\"0.2\",\"parallax_scale\":\"0.9\",\"show_content\":true,\"show_link\":true,\"show_meta\":true,\"show_thumbnail\":true,\"show_title\":true,\"slidenav\":\"default\",\"slidenav_breakpoint\":\"s\",\"slidenav_hover\":false,\"slidenav_large\":true,\"slidenav_margin\":\"medium\",\"slidenav_outside_breakpoint\":\"xl\",\"slideshow_autoplay_pause\":true,\"slideshow_min_height\":300,\"slideshow_ratio\":\"16:7\",\"text_align\":\"center\",\"thumbnav_height\":\"75\",\"thumbnav_svg_color\":\"emphasis\",\"thumbnav_width\":\"100\",\"title_element\":\"div\",\"title_hover_style\":\"reset\",\"title_style\":\"h1\",\"visibility\":\"hidden-m\"},\"children\":[{\"type\":\"slideshow_item\",\"props\":{\"content\":\"\",\"image\":\"wp-content\\\/uploads\\\/2025\\\/04\\\/GSW-40-L-Mittelsicke-weissk.jpg\",\"image_alt\":\"Garagentore, Hartinger - Metallbau & Schlosserei\",\"media_overlay\":\"rgba(0, 0, 0, 0.18)\",\"meta\":\"Hartinger - Metallbau & Schlosserei\",\"text_color\":\"light\",\"title\":\"Garagentore\"}}]}]}]}],\"name\":\"slideshow klein mit Text\"},{\"name\":\"Tore und T\\u00fcren Text\",\"type\":\"section\",\"props\":{\"image_position\":\"center-center\",\"style\":\"default\",\"title\":\"Services\",\"title_breakpoint\":\"l\",\"title_position\":\"top-right\",\"title_rotation\":\"left\",\"vertical_align\":\"\",\"width\":\"large\"},\"children\":[{\"type\":\"row\",\"children\":[{\"type\":\"column\",\"props\":{\"image_position\":\"center-center\",\"position_sticky_breakpoint\":\"m\",\"width_medium\":\"1-1\"},\"children\":[{\"type\":\"headline\",\"props\":{\"animation\":\"parallax\",\"content\":\"Komfort, Sicherheit und Design nach Ma\\u00df\",\"parallax_breakpoint\":\"m\",\"parallax_easing\":\"1\",\"parallax_y\":\"0,-75\",\"title_element\":\"div\",\"title_style\":\"h4\"}},{\"type\":\"headline\",\"props\":{\"animation\":\"parallax\",\"content\":\"Garagentore, f\\u00fcr zu Hause\",\"margin_remove_top\":true,\"parallax_breakpoint\":\"m\",\"parallax_easing\":\"1\",\"parallax_y\":\"0,-75\",\"title_element\":\"h1\"}},{\"type\":\"text\",\"props\":{\"column\":\"1-2\",\"column_breakpoint\":\"m\",\"column_divider\":true,\"content\":\"\n\n<p data-start=\\\"217\\\" data-end=\\\"488\\\" class=\\\"\\\">Ein Garagentor ist mehr als nur ein Zugang \\u2013 es sch\\u00fctzt, spart Platz und erg\\u00e4nzt die Architektur Ihres Hauses. Teckentrup bietet mit der Produktlinie <strong data-start=\\\"367\\\" data-end=\\\"378\\\">CarTeck<\\\/strong> Garagentore, die durch moderne Technik, flexible Gestaltungsm\\u00f6glichkeiten und langlebige Qualit\\u00e4t \\u00fcberzeugen.<\\\/p>\\n\n\n<p data-start=\\\"490\\\" data-end=\\\"882\\\" class=\\\"\\\">Ob <strong data-start=\\\"493\\\" data-end=\\\"507\\\">Schwingtor<\\\/strong> oder <strong data-start=\\\"513\\\" data-end=\\\"529\\\">Sektionaltor<\\\/strong> \\u2013 beide Varianten sind <strong data-start=\\\"553\\\" data-end=\\\"578\\\">doppelwandig isoliert<\\\/strong>, <strong data-start=\\\"580\\\" data-end=\\\"598\\\">motorbetrieben<\\\/strong> und in individuellen Ma\\u00dfen bis zu <strong data-start=\\\"633\\\" data-end=\\\"650\\\">6,25\\u202fm Breite<\\\/strong> und <strong data-start=\\\"655\\\" data-end=\\\"667\\\">3\\u202fm H\\u00f6he<\\\/strong> erh\\u00e4ltlich. W\\u00e4hrend Schwingtore mit bew\\u00e4hrter Technik und vielf\\u00e4ltigem Design punkten, \\u00f6ffnen Sektionaltore senkrecht und schaffen mehr Platz vor der Garage \\u2013 ideal f\\u00fcr kurze Einfahrten oder enge Platzverh\\u00e4ltnisse.<\\\/p>\",\"margin\":\"default\"}}]}]}]},{\"name\":\"Services\",\"type\":\"section\",\"props\":{\"animation_delay\":false,\"image_position\":\"center-center\",\"padding\":\"xsmall\",\"padding_remove_bottom\":false,\"padding_remove_top\":false,\"style\":\"default\",\"title_breakpoint\":\"s\",\"title_position\":\"top-right\",\"title_rotation\":\"left\",\"vertical_align\":\"\",\"width\":\"large\"},\"children\":[{\"type\":\"row\",\"props\":{\"margin_remove_bottom\":false,\"margin_remove_top\":false},\"children\":[{\"type\":\"column\",\"props\":{\"image_position\":\"center-center\",\"position_sticky_breakpoint\":\"m\",\"width_medium\":\"1-1\"},\"children\":[{\"type\":\"gallery\",\"props\":{\"animation\":\"none\",\"filter_align\":\"left\",\"filter_all\":true,\"filter_grid_breakpoint\":\"m\",\"filter_grid_width\":\"auto\",\"filter_position\":\"top\",\"filter_style\":\"tab\",\"grid_column_gap\":\"small\",\"grid_default\":\"1\",\"grid_medium\":\"3\",\"grid_row_gap\":\"small\",\"grid_small\":\"2\",\"image_expand\":false,\"image_height\":850,\"image_transition\":\"scale-up\",\"image_width\":\"850\",\"item_animation\":true,\"lightbox_bg_close\":true,\"link_style\":\"default\",\"link_target\":true,\"link_text\":\"\",\"margin\":\"\",\"meta_align\":\"below-title\",\"meta_element\":\"div\",\"meta_style\":\"\",\"overlay_hover\":false,\"overlay_link\":true,\"overlay_margin\":\"small\",\"overlay_maxwidth\":\"large\",\"overlay_mode\":\"caption\",\"overlay_position\":\"bottom-center\",\"overlay_style\":\"overlay-default\",\"overlay_transition\":\"fade\",\"parallax_easing\":\"1\",\"show_content\":false,\"show_hover_image\":true,\"show_hover_video\":true,\"show_link\":true,\"show_meta\":true,\"show_title\":true,\"text_align\":\"center\",\"text_color\":\"\",\"title_element\":\"h4\",\"title_hover_style\":\"reset\"},\"children\":[{\"type\":\"gallery_item\",\"props\":{\"content\":\"\",\"image\":\"wp-content\\\/uploads\\\/2025\\\/04\\\/CarTeck-GSW-40-M-MiSi_1000x1000k.jpg\",\"image_focal_point\":\"bottom-center\",\"link\":\"https:\\\/\\\/www.teckentrup.biz\\\/garagentor\",\"title\":\"Sektionaltore\"}},{\"type\":\"gallery_item\",\"props\":{\"content\":\"\",\"image\":\"wp-content\\\/uploads\\\/2025\\\/04\\\/Schwingtor-weiss-RAL-7016_1000k-1000k.jpg\",\"link\":\"https:\\\/\\\/www.teckentrup.biz\\\/garagentor\",\"title\":\"Schwingtore\"}},{\"type\":\"gallery_item\",\"props\":{\"content\":\"\",\"image\":\"wp-content\\\/uploads\\\/2025\\\/04\\\/TT_Drehfluegeltor-2_1000x1000k.jpg\",\"link\":\"https:\\\/\\\/www.teckentrup.biz\\\/garagentor\",\"title\":\"Drehfl\\u00fcgeltore\"}}]}]}]}]},{\"type\":\"section\",\"props\":{\"image_position\":\"center-center\",\"padding\":\"small\",\"style\":\"default\",\"title_breakpoint\":\"xl\",\"title_position\":\"top-left\",\"title_rotation\":\"left\",\"vertical_align\":\"middle\",\"width\":\"large\"},\"children\":[{\"type\":\"row\",\"props\":{\"layout\":\"2-3,1-3\"},\"children\":[{\"type\":\"column\",\"props\":{\"image_position\":\"center-center\",\"position_sticky_breakpoint\":\"m\",\"width_medium\":\"2-3\",\"width_small\":\"1-1\"},\"children\":[{\"type\":\"panel\",\"props\":{\"content\":\"\n\n<p><strong data-start=\\\"884\\\" data-end=\\\"907\\\">CarTeck Garagentore<\\\/strong> erf\\u00fcllen h\\u00f6chste Qualit\\u00e4tsstandards nach <strong data-start=\\\"949\\\" data-end=\\\"968\\\">DIN EN ISO 9001<\\\/strong> und vereinen moderne Sicherheitsfeatures wie Fingerklemmschutz, Aufschubsicherung und Hinderniserkennung bei motorisiertem Betrieb. F\\u00fcr zus\\u00e4tzlichen Komfort lassen sich die Tore bequem per Handsender, App oder Smart-Home-System steuern.<\\\/p>\",\"content_column_breakpoint\":\"m\",\"icon_width\":80,\"image_align\":\"top\",\"image_grid_breakpoint\":\"m\",\"image_grid_width\":\"1-2\",\"image_svg_color\":\"emphasis\",\"link_style\":\"default\",\"link_text\":\"Read more\",\"margin\":\"default\",\"meta_align\":\"below-title\",\"meta_element\":\"div\",\"meta_style\":\"text-meta\",\"panel_padding\":\"default\",\"panel_style\":\"card-primary\",\"title\":\"DIN-Normen\",\"title_align\":\"top\",\"title_element\":\"h3\",\"title_grid_breakpoint\":\"m\",\"title_grid_width\":\"1-2\",\"title_hover_style\":\"reset\"}}]},{\"type\":\"column\",\"props\":{\"image_position\":\"center-center\",\"position_sticky_breakpoint\":\"m\",\"vertical_align\":\"middle\",\"width_medium\":\"1-3\",\"width_small\":\"1-1\"},\"children\":[{\"type\":\"panel\",\"props\":{\"content_column_breakpoint\":\"m\",\"icon_width\":80,\"image\":\"wp-content\\\/uploads\\\/2025\\\/03\\\/Teckentrup_Logo_CMYK_Black-scaled.jpg\",\"image_align\":\"top\",\"image_grid_breakpoint\":\"m\",\"image_grid_width\":\"1-2\",\"image_link\":true,\"image_svg_color\":\"emphasis\",\"image_transition\":\"scale-up\",\"link\":\"https:\\\/\\\/www.teckentrup.biz\\\/\",\"link_style\":\"default\",\"link_target\":true,\"link_text\":\"\",\"margin\":\"default\",\"meta_align\":\"below-title\",\"meta_element\":\"div\",\"meta_style\":\"text-meta\",\"title_align\":\"top\",\"title_element\":\"h3\",\"title_grid_breakpoint\":\"m\",\"title_grid_width\":\"1-2\",\"title_hover_style\":\"reset\"}}]}]}],\"name\":\"Treckentrupp DIN-Normen\"}],\"version\":\"4.5.13\"} --><\/p>\n","protected":false},"excerpt":{"rendered":"<p>Garagentore Hartinger &#8211; Metallbau &#038; Schlosserei Garagentore Hartinger &#8211; Metallbau &#038; Schlosserei Komfort, Sicherheit und Design nach Ma\u00df Garagentore, f\u00fcr zu Hause Ein Garagentor ist mehr als nur ein Zugang \u2013 es sch\u00fctzt, spart Platz und erg\u00e4nzt die Architektur Ihres Hauses. Teckentrup bietet mit der Produktlinie CarTeck Garagentore, die durch moderne Technik, flexible Gestaltungsm\u00f6glichkeiten und [&hellip;]<\/p>\n","protected":false},"author":1,"featured_media":0,"parent":2,"menu_order":0,"comment_status":"closed","ping_status":"closed","template":"","meta":{"_acf_changed":false,"footnotes":""},"class_list":["post-2481","page","type-page","status-publish","hentry"],"acf":[],"_links":{"self":[{"href":"https:\/\/www.metallbau-hartinger.de\/index.php?rest_route=\/wp\/v2\/pages\/2481","targetHints":{"allow":["GET"]}}],"collection":[{"href":"https:\/\/www.metallbau-hartinger.de\/index.php?rest_route=\/wp\/v2\/pages"}],"about":[{"href":"https:\/\/www.metallbau-hartinger.de\/index.php?rest_route=\/wp\/v2\/types\/page"}],"author":[{"embeddable":true,"href":"https:\/\/www.metallbau-hartinger.de\/index.php?rest_route=\/wp\/v2\/users\/1"}],"replies":[{"embeddable":true,"href":"https:\/\/www.metallbau-hartinger.de\/index.php?rest_route=%2Fwp%2Fv2%2Fcomments&post=2481"}],"version-history":[{"count":42,"href":"https:\/\/www.metallbau-hartinger.de\/index.php?rest_route=\/wp\/v2\/pages\/2481\/revisions"}],"predecessor-version":[{"id":4775,"href":"https:\/\/www.metallbau-hartinger.de\/index.php?rest_route=\/wp\/v2\/pages\/2481\/revisions\/4775"}],"up":[{"embeddable":true,"href":"https:\/\/www.metallbau-hartinger.de\/index.php?rest_route=\/wp\/v2\/pages\/2"}],"wp:attachment":[{"href":"https:\/\/www.metallbau-hartinger.de\/index.php?rest_route=%2Fwp%2Fv2%2Fmedia&parent=2481"}],"curies":[{"name":"wp","href":"https:\/\/api.w.org\/{rel}","templated":true}]}}