{"id":2561,"date":"2025-03-12T10:07:11","date_gmt":"2025-03-12T10:07:11","guid":{"rendered":"https:\/\/www.metallbau-hartinger.de\/?page_id=2561"},"modified":"2025-03-19T08:26:06","modified_gmt":"2025-03-19T08:26:06","slug":"referenzen","status":"publish","type":"page","link":"https:\/\/www.metallbau-hartinger.de\/?page_id=2561","title":{"rendered":"Referenzen"},"content":{"rendered":"<h1>Referenzen<\/h1>\n<div>Unsere Referenzen sprechen f\u00fcr sich \u2013 zahlreiche zufriedene Kunden vertrauen auf unsere Qualit\u00e4t und Pr\u00e4zision. Von individuellen Sonderanfertigungen bis hin zu gro\u00dfen Bauprojekten liefern wir zuverl\u00e4ssige und langlebige L\u00f6sungen.<\/div>\n<ul>\n<li>\n<p>        <img decoding=\"async\" src=\"\/wp-content\/uploads\/2025\/03\/IMG_9682k.jpg\" alt=\"\"><\/p>\n<h2>Schiebetor<\/h2>\n<\/li>\n<li>\n<p>        <img decoding=\"async\" src=\"\/wp-content\/uploads\/2025\/03\/IMG_9041k.jpg\" alt=\"\"><\/p>\n<h2>Treppe mit Podest<\/h2>\n<\/li>\n<li>\n<p>        <img decoding=\"async\" src=\"\/wp-content\/uploads\/2025\/03\/IMG_8964k.jpg\" alt=\"\"><\/p>\n<h2>Schiebetor<\/h2>\n<\/li>\n<li>\n<p>        <img decoding=\"async\" src=\"\/wp-content\/uploads\/2025\/03\/IMG_6672k.jpg\" alt=\"\"><\/p>\n<h2>Gabionenwand<\/h2>\n<\/li>\n<li>\n<p>        <img decoding=\"async\" src=\"\/wp-content\/uploads\/2025\/03\/IMG_8624k.jpg\" alt=\"\"><\/p>\n<h2>Garagentore<\/h2>\n<\/li>\n<li>\n<p>        <img decoding=\"async\" src=\"\/wp-content\/uploads\/2025\/03\/IMG_7935k.jpg\" alt=\"\"><\/p>\n<h2>Markise &#038; Schlosserei<\/h2>\n<\/li>\n<li>\n<p>        <img decoding=\"async\" src=\"\/wp-content\/uploads\/2025\/03\/IMG_8481k.jpg\" alt=\"\"><\/p>\n<h2>Haust\u00fcre<\/h2>\n<\/li>\n<li>\n<p>        <img decoding=\"async\" src=\"\/wp-content\/uploads\/2025\/03\/95378606-a24b-4732-a11d-928f42907b93k.jpg\" alt=\"\"><\/p>\n<h2>Kassettenmarkisen<\/h2>\n<\/li>\n<li>\n<p>        <img decoding=\"async\" src=\"\/wp-content\/uploads\/2025\/03\/IMG_7916k.jpg\" alt=\"\"><\/p>\n<h2>Rolltor<\/h2>\n<\/li>\n<li>\n<p>        <img decoding=\"async\" src=\"\/wp-content\/uploads\/2025\/03\/IMG_7515k.jpg\" alt=\"\"><\/p>\n<h2>\u00dcberdachung<\/h2>\n<\/li>\n<li>\n<p>        <img decoding=\"async\" src=\"\/wp-content\/uploads\/2025\/03\/IMG_5281k.jpg\" alt=\"\"><\/p>\n<h2>Vordach<\/h2>\n<\/li>\n<li>\n<p>        <img decoding=\"async\" src=\"\/wp-content\/uploads\/2025\/03\/IMG_6801k.jpg\" alt=\"\"><\/p>\n<h2>Brandschutzt\u00fcr<\/h2>\n<\/li>\n<li>\n<p>        <img decoding=\"async\" src=\"\/wp-content\/uploads\/2025\/03\/IMG_8635k.jpg\" alt=\"\"><\/p>\n<h2>Garagentore<\/h2>\n<\/li>\n<li>\n<p>        <img decoding=\"async\" src=\"\/wp-content\/uploads\/2025\/03\/IMG_7765k.jpg\" alt=\"\"><\/p>\n<h2>Rolltor<\/h2>\n<\/li>\n<li>\n<p>        <img decoding=\"async\" src=\"\/wp-content\/uploads\/2025\/03\/IMG_6733k.jpg\" alt=\"\"><\/p>\n<h2>Gartentor<\/h2>\n<\/li>\n<li>\n<p>        <img decoding=\"async\" src=\"\/wp-content\/uploads\/2025\/03\/IMG_6729k.jpg\" alt=\"\"><\/p>\n<h2>Metall-Deko<\/h2>\n<\/li>\n<li>\n<p>        <img decoding=\"async\" src=\"\/wp-content\/uploads\/2025\/03\/IMG_6726k.jpg\" alt=\"\"><\/p>\n<h2>Glas\u00fcberdachung<\/h2>\n<\/li>\n<li>\n<p>        <img decoding=\"async\" src=\"\/wp-content\/uploads\/2025\/03\/IMG_6798k.jpg\" alt=\"\"><\/p>\n<h2>Brandschutzt\u00fcr<\/h2>\n<\/li>\n<li>\n<p>        <img decoding=\"async\" src=\"\/wp-content\/uploads\/2025\/03\/IMG_6530k.jpg\" alt=\"\"><\/p>\n<h2>Eingangst\u00fcr<\/h2>\n<\/li>\n<li>\n<p>        <img decoding=\"async\" src=\"\/wp-content\/uploads\/2025\/03\/IMG_6382k.jpg\" alt=\"\"><\/p>\n<h2>Gabionenwand<\/h2>\n<\/li>\n<li>\n<p>        <img decoding=\"async\" src=\"\/wp-content\/uploads\/2025\/03\/IMG_6294k.jpg\" alt=\"\"><\/p>\n<h2>Garagentor<\/h2>\n<\/li>\n<li>\n<p>        <img decoding=\"async\" src=\"\/wp-content\/uploads\/2025\/03\/IMG_6288k.jpg\" alt=\"\"><\/p>\n<h2>Hebenb\u00fchne<\/h2>\n<\/li>\n<li>\n<p>        <img decoding=\"async\" src=\"\/wp-content\/uploads\/2025\/03\/IMG_5428k.jpg\" alt=\"\"><\/p>\n<h2>Sonnen\u00fcberdachung<\/h2>\n<\/li>\n<li>\n<p>        <img decoding=\"async\" src=\"\/wp-content\/uploads\/2025\/03\/IMG_5236k.jpg\" alt=\"\"><\/p>\n<h2>Doppelstabmatten-Zaun<\/h2>\n<\/li>\n<li>\n<p>        <img decoding=\"async\" src=\"\/wp-content\/uploads\/2025\/03\/IMG_5226k.jpg\" alt=\"\"><\/p>\n<h2>Falttor<\/h2>\n<\/li>\n<li>\n<p>        <img decoding=\"async\" src=\"\/wp-content\/uploads\/2025\/03\/IMG_4793K.jpg\" alt=\"\"><\/p>\n<h2>Innent\u00fcr mit Lichausschnitt<\/h2>\n<\/li>\n<li>\n<p>        <img decoding=\"async\" src=\"\/wp-content\/uploads\/2025\/03\/IMG_4791K.jpg\" alt=\"\"><\/p>\n<h2>Innent\u00fcr mit Lichtausschnitt<\/h2>\n<\/li>\n<li>\n<p>        <img decoding=\"async\" src=\"\/wp-content\/uploads\/2025\/03\/IMG_4547k.jpg\" alt=\"\"><\/p>\n<h2>Innent\u00fcr<\/h2>\n<\/li>\n<li>\n<p>        <img decoding=\"async\" src=\"\/wp-content\/uploads\/2025\/03\/IMG_4711k.jpg\" alt=\"\"><\/p>\n<h2>Industrietreppe<\/h2>\n<\/li>\n<li>\n<p>        <img decoding=\"async\" src=\"\/wp-content\/uploads\/2025\/03\/IMG_4257k.jpg\" alt=\"\"><\/p>\n<h2>Sektionaltor<\/h2>\n<\/li>\n<li>\n<p>        <img decoding=\"async\" src=\"\/wp-content\/uploads\/2025\/03\/IMG_2514k.jpg\" alt=\"\"><\/p>\n<h2>Rollgitter<\/h2>\n<\/li>\n<li>\n<p>        <img decoding=\"async\" src=\"\/wp-content\/uploads\/2025\/03\/IMG_1843k.jpg\" alt=\"\"><\/p>\n<h2>Rolltor<\/h2>\n<\/li>\n<li>\n<p>        <img decoding=\"async\" src=\"\/wp-content\/uploads\/2025\/03\/FFAC4C5E-C1FA-493C-BC5B-E57FC1826B16k.jpg\" alt=\"\"><\/p>\n<h2>Sektional-Garagentore<\/h2>\n<\/li>\n<li>\n<p>        <img decoding=\"async\" src=\"\/wp-content\/uploads\/2025\/03\/ed08e0eb-960e-42e3-8c18-04a1a71b46eak.jpg\" alt=\"\"><\/p>\n<h2>Sektional-Garagentor<\/h2>\n<\/li>\n<li>\n<p>        <img decoding=\"async\" src=\"\/wp-content\/uploads\/2025\/03\/DB2F7D37-B5DE-47BE-B2A4-CA46A316C600k.jpg\" alt=\"\"><\/p>\n<h2>Markise &#038; Schlosserei<\/h2>\n<\/li>\n<li>\n<p>        <img decoding=\"async\" src=\"\/wp-content\/uploads\/2025\/03\/C93C72A0-603E-4703-9D3D-3FA2BA3CD64Ck.jpg\" alt=\"\"><\/p>\n<h2>Schiebet\u00fcrbeschlag<\/h2>\n<\/li>\n<li>\n<p>        <img decoding=\"async\" src=\"\/wp-content\/uploads\/2025\/03\/5fa63fbd-5148-4006-83a1-e8df317ce6c0k.jpg\" alt=\"\"><\/p>\n<h2>Sektional-Garagentore<\/h2>\n<\/li>\n<li>\n<p>        <img decoding=\"async\" src=\"\/wp-content\/uploads\/2025\/03\/8abb5aa4-ead0-487a-8be2-3e33ec5da527k.jpg\" alt=\"\"><\/p>\n<h2>Markise<\/h2>\n<\/li>\n<li>\n<p>        <img decoding=\"async\" src=\"\/wp-content\/uploads\/2025\/03\/27db61a2-9d9a-4eab-a692-5b238da00414k.jpg\" alt=\"\"><\/p>\n<h2>Glas\u00fcberdachung<\/h2>\n<\/li>\n<li>\n<p>        <img decoding=\"async\" src=\"\/wp-content\/uploads\/2025\/03\/b658e127-33ff-49d5-9f78-f66c6db4a308k.jpg\" alt=\"\"><\/p>\n<h2>Schnelllauftor<\/h2>\n<\/li>\n<li>\n<p>        <img decoding=\"async\" src=\"\/wp-content\/uploads\/2025\/03\/4a0a2b23-dfe1-4eb8-b7a9-1520ba411d4ck.jpg\" alt=\"\"><\/p>\n<h2>Sektional-Garagentor<\/h2>\n<\/li>\n<li>\n<p>        <img decoding=\"async\" src=\"\/wp-content\/uploads\/2025\/03\/80baa131-f182-4683-a3c7-d3cfa35a220ak.jpg\" alt=\"\"><\/p>\n<h2>Rolltor<\/h2>\n<\/li>\n<\/ul>\n<p><!--more--><br \/>\n<!-- {\"type\":\"layout\",\"children\":[{\"name\":\"Portfolio\",\"type\":\"section\",\"props\":{\"animation\":\"slide-left-small\",\"animation_delay\":\"200\",\"css\":\".el-section { \\n\\tbackground: linear-gradient(to bottom, rgba(255,255,255,0) 600px, rgba(0,0,0,0.025) 600px) 0 0 no-repeat, rgba(255,255,255,0);\\n}\",\"image\":\"wp-content\\\/uploads\\\/2025\\\/03\\\/liquid_metall_gross.jpg\",\"image_effect\":\"parallax\",\"image_loading\":true,\"image_position\":\"top-left\",\"image_size\":\"contain\",\"media_focal_point\":\"top-left\",\"padding\":\"xlarge\",\"preserve_color\":false,\"style\":\"default\",\"title_breakpoint\":\"xl\",\"title_position\":\"top-left\",\"title_rotation\":\"left\",\"vertical_align\":\"\",\"width\":\"\"},\"children\":[{\"type\":\"row\",\"props\":{\"column_gap\":\"collapse\",\"layout\":\"1-2,1-2\",\"margin\":\"large\",\"width\":\"large\"},\"children\":[{\"type\":\"column\",\"props\":{\"image_position\":\"center-center\",\"position_sticky_breakpoint\":\"m\",\"width_medium\":\"1-2\",\"width_small\":\"1-2\"}},{\"type\":\"column\",\"props\":{\"image_position\":\"center-center\",\"position_sticky_breakpoint\":\"m\",\"style\":\"card-primary\",\"width_medium\":\"1-2\",\"width_small\":\"1-2\"},\"children\":[{\"type\":\"headline\",\"props\":{\"content\":\"Referenzen\",\"position_right\":\"-100\",\"position_top\":\"-160\",\"title_element\":\"h1\",\"title_style\":\"heading-small\"}},{\"type\":\"text\",\"props\":{\"column_breakpoint\":\"m\",\"content\":\"Unsere Referenzen sprechen f\\u00fcr sich \\u2013 zahlreiche zufriedene Kunden vertrauen auf unsere Qualit\\u00e4t und Pr\\u00e4zision. Von individuellen Sonderanfertigungen bis hin zu gro\\u00dfen Bauprojekten liefern wir zuverl\\u00e4ssige und langlebige L\\u00f6sungen.\",\"margin\":\"default\",\"maxwidth\":\"large\",\"position_right\":\"-100\",\"position_top\":\"-160\"}}]}]},{\"type\":\"row\",\"props\":{\"width\":\"expand\"},\"children\":[{\"type\":\"column\",\"props\":{\"image_position\":\"center-center\",\"position_sticky_breakpoint\":\"m\",\"style\":\"card-default\",\"width_medium\":\"1-1\"},\"children\":[{\"type\":\"gallery\",\"props\":{\"filter\":true,\"filter_align\":\"left\",\"filter_all\":true,\"filter_grid_breakpoint\":\"m\",\"filter_grid_width\":\"auto\",\"filter_position\":\"top\",\"filter_style\":\"tab\",\"grid_column_gap\":\"small\",\"grid_default\":\"1\",\"grid_large\":\"4\",\"grid_masonry\":\"next\",\"grid_medium\":\"3\",\"grid_row_gap\":\"small\",\"grid_small\":\"2\",\"image_width\":\"630\",\"item_animation\":true,\"lightbox_bg_close\":true,\"link_style\":\"default\",\"link_text\":\"\",\"margin\":\"default\",\"meta_align\":\"above-title\",\"meta_element\":\"div\",\"meta_style\":\"text-meta\",\"overlay_hover\":true,\"overlay_link\":true,\"overlay_mode\":\"caption\",\"overlay_position\":\"bottom-left\",\"overlay_style\":\"overlay-default\",\"overlay_transition\":\"slide-bottom-small\",\"parallax_easing\":\"1\",\"show_content\":true,\"show_hover_image\":true,\"show_hover_video\":true,\"show_link\":true,\"show_meta\":true,\"show_title\":true,\"text_align\":\"\",\"text_color\":\"dark\",\"title_element\":\"h2\",\"title_hover_style\":\"reset\",\"title_margin\":\"small\",\"title_style\":\"h4\"},\"children\":[{\"type\":\"gallery_item\",\"props\":{\"image\":\"wp-content\\\/uploads\\\/2025\\\/03\\\/IMG_9682k.jpg\",\"tags\":\"Industrietore\",\"title\":\"Schiebetor\"}},{\"type\":\"gallery_item\",\"props\":{\"image\":\"wp-content\\\/uploads\\\/2025\\\/03\\\/IMG_9041k.jpg\",\"tags\":\"Schlosserei\",\"title\":\"Treppe mit Podest\"}},{\"type\":\"gallery_item\",\"props\":{\"image\":\"wp-content\\\/uploads\\\/2025\\\/03\\\/IMG_8964k.jpg\",\"tags\":\"Industrietore\",\"title\":\"Schiebetor\"}},{\"type\":\"gallery_item\",\"props\":{\"image\":\"wp-content\\\/uploads\\\/2025\\\/03\\\/IMG_6672k.jpg\",\"tags\":\"Z\\u00e4une\",\"title\":\"Gabionenwand\"}},{\"type\":\"gallery_item\",\"props\":{\"image\":\"wp-content\\\/uploads\\\/2025\\\/03\\\/IMG_8624k.jpg\",\"tags\":\"Garagentore\",\"title\":\"Garagentore\"}},{\"type\":\"gallery_item\",\"props\":{\"image\":\"wp-content\\\/uploads\\\/2025\\\/03\\\/IMG_7935k.jpg\",\"tags\":\"Sonnenschutz\",\"title\":\"Markise & Schlosserei\"}},{\"type\":\"gallery_item\",\"props\":{\"image\":\"wp-content\\\/uploads\\\/2025\\\/03\\\/IMG_8481k.jpg\",\"tags\":\"T\\u00fcren\",\"title\":\"Haust\\u00fcre\"}},{\"type\":\"gallery_item\",\"props\":{\"image\":\"wp-content\\\/uploads\\\/2025\\\/03\\\/95378606-a24b-4732-a11d-928f42907b93k.jpg\",\"tags\":\"Sonnenschutz\",\"title\":\"Kassettenmarkisen\"}},{\"type\":\"gallery_item\",\"props\":{\"image\":\"wp-content\\\/uploads\\\/2025\\\/03\\\/IMG_7916k.jpg\",\"tags\":\"Industrietore\",\"title\":\"Rolltor\"}},{\"type\":\"gallery_item\",\"props\":{\"image\":\"wp-content\\\/uploads\\\/2025\\\/03\\\/IMG_7515k.jpg\",\"tags\":\"\\u00dcberdachungen\",\"title\":\"\\u00dcberdachung\"}},{\"type\":\"gallery_item\",\"props\":{\"image\":\"wp-content\\\/uploads\\\/2025\\\/03\\\/IMG_5281k.jpg\",\"tags\":\"\\u00dcberdachungen\",\"title\":\"Vordach\"}},{\"type\":\"gallery_item\",\"props\":{\"image\":\"wp-content\\\/uploads\\\/2025\\\/03\\\/IMG_6801k.jpg\",\"tags\":\"T\\u00fcren\",\"title\":\"Brandschutzt\\u00fcr\"}},{\"type\":\"gallery_item\",\"props\":{\"image\":\"wp-content\\\/uploads\\\/2025\\\/03\\\/IMG_8635k.jpg\",\"tags\":\"Garagentore\",\"title\":\"Garagentore\"}},{\"type\":\"gallery_item\",\"props\":{\"image\":\"wp-content\\\/uploads\\\/2025\\\/03\\\/IMG_7765k.jpg\",\"tags\":\"Industrietore\",\"title\":\"Rolltor\"}},{\"type\":\"gallery_item\",\"props\":{\"image\":\"wp-content\\\/uploads\\\/2025\\\/03\\\/IMG_6733k.jpg\",\"tags\":\"Schlosserei\",\"title\":\"Gartentor\"}},{\"type\":\"gallery_item\",\"props\":{\"image\":\"wp-content\\\/uploads\\\/2025\\\/03\\\/IMG_6729k.jpg\",\"tags\":\"Schlosserei\",\"title\":\"Metall-Deko\"}},{\"type\":\"gallery_item\",\"props\":{\"image\":\"wp-content\\\/uploads\\\/2025\\\/03\\\/IMG_6726k.jpg\",\"tags\":\"\\u00dcberdachungen\",\"title\":\"Glas\\u00fcberdachung\"}},{\"type\":\"gallery_item\",\"props\":{\"image\":\"wp-content\\\/uploads\\\/2025\\\/03\\\/IMG_6798k.jpg\",\"tags\":\"T\\u00fcren\",\"title\":\"Brandschutzt\\u00fcr\"}},{\"type\":\"gallery_item\",\"props\":{\"image\":\"wp-content\\\/uploads\\\/2025\\\/03\\\/IMG_6530k.jpg\",\"tags\":\"T\\u00fcren\",\"title\":\"Eingangst\\u00fcr\"}},{\"type\":\"gallery_item\",\"props\":{\"image\":\"wp-content\\\/uploads\\\/2025\\\/03\\\/IMG_6382k.jpg\",\"tags\":\"Z\\u00e4une\",\"title\":\"Gabionenwand\"}},{\"type\":\"gallery_item\",\"props\":{\"image\":\"wp-content\\\/uploads\\\/2025\\\/03\\\/IMG_6294k.jpg\",\"tags\":\"Garagentore\",\"title\":\"Garagentor\"}},{\"type\":\"gallery_item\",\"props\":{\"image\":\"wp-content\\\/uploads\\\/2025\\\/03\\\/IMG_6288k.jpg\",\"title\":\"Hebenb\\u00fchne\"}},{\"type\":\"gallery_item\",\"props\":{\"image\":\"wp-content\\\/uploads\\\/2025\\\/03\\\/IMG_5428k.jpg\",\"tags\":\"\\u00dcberdachungen\",\"title\":\"Sonnen\\u00fcberdachung\"}},{\"type\":\"gallery_item\",\"props\":{\"image\":\"wp-content\\\/uploads\\\/2025\\\/03\\\/IMG_5236k.jpg\",\"tags\":\"Z\\u00e4une\",\"title\":\"Doppelstabmatten-Zaun\"}},{\"type\":\"gallery_item\",\"props\":{\"image\":\"wp-content\\\/uploads\\\/2025\\\/03\\\/IMG_5226k.jpg\",\"tags\":\"Industrietore\",\"title\":\"Falttor\"}},{\"type\":\"gallery_item\",\"props\":{\"image\":\"wp-content\\\/uploads\\\/2025\\\/03\\\/IMG_4793K.jpg\",\"tags\":\"T\\u00fcren\",\"title\":\"Innent\\u00fcr mit Lichausschnitt\"}},{\"type\":\"gallery_item\",\"props\":{\"image\":\"wp-content\\\/uploads\\\/2025\\\/03\\\/IMG_4791K.jpg\",\"tags\":\"T\\u00fcren\",\"title\":\"Innent\\u00fcr mit Lichtausschnitt\"}},{\"type\":\"gallery_item\",\"props\":{\"image\":\"wp-content\\\/uploads\\\/2025\\\/03\\\/IMG_4547k.jpg\",\"tags\":\"T\\u00fcren\",\"title\":\"Innent\\u00fcr\"}},{\"type\":\"gallery_item\",\"props\":{\"image\":\"wp-content\\\/uploads\\\/2025\\\/03\\\/IMG_4711k.jpg\",\"tags\":\"Schlosserei\",\"title\":\"Industrietreppe\"}},{\"type\":\"gallery_item\",\"props\":{\"image\":\"wp-content\\\/uploads\\\/2025\\\/03\\\/IMG_4257k.jpg\",\"tags\":\"Industrietore\",\"title\":\"Sektionaltor\"}},{\"type\":\"gallery_item\",\"props\":{\"image\":\"wp-content\\\/uploads\\\/2025\\\/03\\\/IMG_2514k.jpg\",\"tags\":\"Industrietore\",\"title\":\"Rollgitter\"}},{\"type\":\"gallery_item\",\"props\":{\"image\":\"wp-content\\\/uploads\\\/2025\\\/03\\\/IMG_1843k.jpg\",\"tags\":\"Industrietore\",\"title\":\"Rolltor\"}},{\"type\":\"gallery_item\",\"props\":{\"image\":\"wp-content\\\/uploads\\\/2025\\\/03\\\/FFAC4C5E-C1FA-493C-BC5B-E57FC1826B16k.jpg\",\"tags\":\"Garagentore\",\"title\":\"Sektional-Garagentore\"}},{\"type\":\"gallery_item\",\"props\":{\"image\":\"wp-content\\\/uploads\\\/2025\\\/03\\\/ed08e0eb-960e-42e3-8c18-04a1a71b46eak.jpg\",\"tags\":\"Garagentore\",\"title\":\"Sektional-Garagentor\"}},{\"type\":\"gallery_item\",\"props\":{\"image\":\"wp-content\\\/uploads\\\/2025\\\/03\\\/DB2F7D37-B5DE-47BE-B2A4-CA46A316C600k.jpg\",\"tags\":\"Sonnenschutz\",\"title\":\"Markise & Schlosserei\"}},{\"type\":\"gallery_item\",\"props\":{\"image\":\"wp-content\\\/uploads\\\/2025\\\/03\\\/C93C72A0-603E-4703-9D3D-3FA2BA3CD64Ck.jpg\",\"tags\":\"T\\u00fcren\",\"title\":\"Schiebet\\u00fcrbeschlag\"}},{\"type\":\"gallery_item\",\"props\":{\"image\":\"wp-content\\\/uploads\\\/2025\\\/03\\\/5fa63fbd-5148-4006-83a1-e8df317ce6c0k.jpg\",\"tags\":\"Garagentore\",\"title\":\"Sektional-Garagentore\"}},{\"type\":\"gallery_item\",\"props\":{\"image\":\"wp-content\\\/uploads\\\/2025\\\/03\\\/8abb5aa4-ead0-487a-8be2-3e33ec5da527k.jpg\",\"tags\":\"Sonnenschutz\",\"title\":\"Markise\"}},{\"type\":\"gallery_item\",\"props\":{\"image\":\"wp-content\\\/uploads\\\/2025\\\/03\\\/27db61a2-9d9a-4eab-a692-5b238da00414k.jpg\",\"tags\":\"\\u00dcberdachungen\",\"title\":\"Glas\\u00fcberdachung\"}},{\"type\":\"gallery_item\",\"props\":{\"image\":\"wp-content\\\/uploads\\\/2025\\\/03\\\/b658e127-33ff-49d5-9f78-f66c6db4a308k.jpg\",\"tags\":\"Industrietore\",\"title\":\"Schnelllauftor\"}},{\"type\":\"gallery_item\",\"props\":{\"image\":\"wp-content\\\/uploads\\\/2025\\\/03\\\/4a0a2b23-dfe1-4eb8-b7a9-1520ba411d4ck.jpg\",\"tags\":\"Garagentore\",\"title\":\"Sektional-Garagentor\"}},{\"type\":\"gallery_item\",\"props\":{\"image\":\"wp-content\\\/uploads\\\/2025\\\/03\\\/80baa131-f182-4683-a3c7-d3cfa35a220ak.jpg\",\"tags\":\"Industrietore\",\"title\":\"Rolltor\"}}]}]}]}]}],\"version\":\"4.5.9\"} --><\/p>\n","protected":false},"excerpt":{"rendered":"<p>Referenzen Unsere Referenzen sprechen f\u00fcr sich \u2013 zahlreiche zufriedene Kunden vertrauen auf unsere Qualit\u00e4t und Pr\u00e4zision. Von individuellen Sonderanfertigungen bis hin zu gro\u00dfen Bauprojekten liefern wir zuverl\u00e4ssige und langlebige L\u00f6sungen. Schiebetor Treppe mit Podest Schiebetor Gabionenwand Garagentore Markise &#038; Schlosserei Haust\u00fcre Kassettenmarkisen Rolltor \u00dcberdachung Vordach Brandschutzt\u00fcr Garagentore Rolltor Gartentor Metall-Deko Glas\u00fcberdachung Brandschutzt\u00fcr Eingangst\u00fcr Gabionenwand Garagentor [&hellip;]<\/p>\n","protected":false},"author":1,"featured_media":0,"parent":2287,"menu_order":0,"comment_status":"closed","ping_status":"closed","template":"","meta":{"_acf_changed":false,"footnotes":""},"class_list":["post-2561","page","type-page","status-publish","hentry"],"acf":[],"_links":{"self":[{"href":"https:\/\/www.metallbau-hartinger.de\/index.php?rest_route=\/wp\/v2\/pages\/2561","targetHints":{"allow":["GET"]}}],"collection":[{"href":"https:\/\/www.metallbau-hartinger.de\/index.php?rest_route=\/wp\/v2\/pages"}],"about":[{"href":"https:\/\/www.metallbau-hartinger.de\/index.php?rest_route=\/wp\/v2\/types\/page"}],"author":[{"embeddable":true,"href":"https:\/\/www.metallbau-hartinger.de\/index.php?rest_route=\/wp\/v2\/users\/1"}],"replies":[{"embeddable":true,"href":"https:\/\/www.metallbau-hartinger.de\/index.php?rest_route=%2Fwp%2Fv2%2Fcomments&post=2561"}],"version-history":[{"count":128,"href":"https:\/\/www.metallbau-hartinger.de\/index.php?rest_route=\/wp\/v2\/pages\/2561\/revisions"}],"predecessor-version":[{"id":3006,"href":"https:\/\/www.metallbau-hartinger.de\/index.php?rest_route=\/wp\/v2\/pages\/2561\/revisions\/3006"}],"up":[{"embeddable":true,"href":"https:\/\/www.metallbau-hartinger.de\/index.php?rest_route=\/wp\/v2\/pages\/2287"}],"wp:attachment":[{"href":"https:\/\/www.metallbau-hartinger.de\/index.php?rest_route=%2Fwp%2Fv2%2Fmedia&parent=2561"}],"curies":[{"name":"wp","href":"https:\/\/api.w.org\/{rel}","templated":true}]}}