{"id":2700,"date":"2025-03-12T12:15:29","date_gmt":"2025-03-12T12:15:29","guid":{"rendered":"https:\/\/www.metallbau-hartinger.de\/?page_id=2700"},"modified":"2025-04-28T08:44:46","modified_gmt":"2025-04-28T08:44:46","slug":"tore","status":"publish","type":"page","link":"https:\/\/www.metallbau-hartinger.de\/?page_id=2700","title":{"rendered":"Industrietore"},"content":{"rendered":"<div>\n<p>    <img decoding=\"async\" src=\"\/wp-content\/uploads\/2025\/04\/Feuerwehr-mit-Teckentrup-Sectionaltoren-2_2560x1200k.jpg\" alt=\"Tore, Hartinger - Metallbau &#038; Schlosserei\"><\/p>\n<div>Industrietore<\/div>\n<p>Hartinger &#8211; Metallbau &#038; Schlosserei<\/p>\n<\/div>\n<div>\n<p>    <img decoding=\"async\" src=\"\/wp-content\/uploads\/2025\/04\/Feuerwehr-mit-Teckentrup-Sectionaltoren-2k.jpg\" alt=\"Tore, Hartinger - Metallbau &#038; Schlosserei\"><\/p>\n<div>Industrietore<\/div>\n<p>Hartinger &#8211; Metallbau &#038; Schlosserei<\/p>\n<\/div>\n<div>F\u00fcr reibungslose Betriebsabl\u00e4ufe<\/div>\n<h1>Tore f\u00fcr alle Unternehmen<\/p>\n<div style=\"all: initial;\" class=\"notranslate\"><\/div>\n<\/h1>\n<div>Tore f\u00fcr alle Unternehmen<\/p>\n<div style=\"all: initial;\" class=\"notranslate\"><\/div>\n<\/div>\n<div>\n<p data-start=\"98\" data-end=\"575\" class=\"\">Industrietore \u2013 auch Hallentore genannt \u2013 verschlie\u00dfen gro\u00dfe \u00d6ffnungen in Lagerhallen, Produktionsst\u00e4tten und Industrieanlagen sicher und zuverl\u00e4ssig. Sie sind essenziell f\u00fcr einen effizienten Betriebsablauf und m\u00fcssen dauerhaft hohen Belastungen standhalten. Da sie oft in automatisierte Logistik- und Produktionsprozesse eingebunden sind, ist eine st\u00f6rungsfreie Funktion besonders wichtig \u2013 Ausf\u00e4lle k\u00f6nnen teuer werden.<\/p>\n<p data-start=\"577\" data-end=\"868\" class=\"\">Teckentrup Industrietore bieten maximale Zuverl\u00e4ssigkeit dank robuster Bauweise, langlebiger Antriebe und moderner Steuerungstechnik. Je nach Anforderung stehen Rolltore, Sektionaltore, Falttore oder Feuerschutz-Schiebetore zur Verf\u00fcgung \u2013 ideal f\u00fcr platzsparende oder gro\u00dffl\u00e4chige L\u00f6sungen.<\/p>\n<\/div>\n<ul>\n<li>\n<p>        <img decoding=\"async\" src=\"\/wp-content\/uploads\/2025\/03\/Feuerwehr-mit-Teckentrup-Sectionaltoren-4.jpg\" alt=\"Sectionaltore, Hartinger MEtallbau, Wangen im Allg\u00e4u\"><\/p>\n<h4>Sectionaltore<\/h4>\n<p><a href=\"https:\/\/www.teckentrup.biz\/industrietore\"><\/a><\/p>\n<\/li>\n<li>\n<p>        <img decoding=\"async\" src=\"\/wp-content\/uploads\/2025\/03\/Teckentrup-Rolltore-fuer-die-Landwirtschaft.jpg\" alt=\"Rolltore, Hartinger MEtallbau, Wangen im Allg\u00e4u\"><\/p>\n<h4>Rolltore<\/h4>\n<p><a href=\"https:\/\/www.teckentrup.biz\/industrietore\"><\/a><\/p>\n<\/li>\n<li>\n<p>        <img decoding=\"async\" src=\"\/wp-content\/uploads\/2025\/03\/Rollgitter.jpg\" alt=\"Rollgitter, Hartinger MEtallbau, Wangen im Allg\u00e4u\"><\/p>\n<h4>Rollgitter<\/h4>\n<p><a href=\"https:\/\/www.teckentrup.biz\/industrietore\"><\/a><\/p>\n<\/li>\n<li>\n<p>        <img decoding=\"async\" src=\"\/wp-content\/uploads\/2025\/03\/Schnelllauf-Folientor.jpg\" alt=\"Schnellauf Folientore, Hartinger MEtallbau, Wangen im Allg\u00e4u\"><\/p>\n<h4>Schnellauf Folientore<\/h4>\n<div><a class=\"uk-button uk-button-text\">More Details<\/a><\/div>\n<p><a href=\"https:\/\/www.teckentrup.biz\/industrietore\"><\/a><\/p>\n<\/li>\n<li>\n<p>        <img decoding=\"async\" src=\"\/wp-content\/uploads\/2025\/03\/Falttor-mit-Schlupftuer.jpg\" alt=\"Feuerschutztore, Hartinger MEtallbau, Wangen im Allg\u00e4u\"><\/p>\n<h4>Feuerschutztore<\/h4>\n<div><a class=\"uk-button uk-button-text\">More Details<\/a><\/div>\n<p><a href=\"https:\/\/www.teckentrup.biz\/industrietore\"><\/a><\/p>\n<\/li>\n<li>\n<p>        <img decoding=\"async\" src=\"\/wp-content\/uploads\/2025\/03\/Falttor-FE-Tecketnrup-50.jpg\" alt=\"Falttore, Hartinger MEtallbau, Wangen im Allg\u00e4u\"><\/p>\n<h4>Falttore<\/h4>\n<div><a class=\"uk-button uk-button-text\">More Details<\/a><\/div>\n<p><a href=\"https:\/\/www.teckentrup.biz\/industrietore\"><\/a><\/p>\n<\/li>\n<\/ul>\n<div>\n<h3>DIN-Normen<\/h3>\n<div>\n<p>In den Leistungseigenschaften (nach <a href=\"https:\/\/www.teckentrup.biz\/glossar#en-13241-1\" data-toggle=\"tooltip\" data-placement=\"top\" title=\"\" class=\"glossary-link\" data-original-title=\"Was regelt die EN 13241-1?\">EN 13241-1<\/a>) f\u00fcr Industrie Sektionaltore werden die W\u00e4rmed\u00e4mmung nach <a href=\"https:\/\/www.teckentrup.biz\/glossar#en-13241-1\" data-toggle=\"tooltip\" data-placement=\"top\" title=\"\" class=\"glossary-link\" data-original-title=\"Was regelt die EN 13241-1?\">EN 13241-1<\/a> die <strong>Windlast<\/strong>-Klassifizierung nach EN 12424, die <strong>Schlagregendichtigkeit <\/strong>gem\u00e4\u00df EN 12425\/EN 12489, die <strong>Luftdurchl\u00e4ssigkeit <\/strong>nach EN 12426\/EN 12427 sowie das <strong>Brandverhalten nach <\/strong>DIN EN 4102 und das <strong>Schalld\u00e4mm-Ma\u00df<\/strong> nach ISO 140-3 angegeben.<\/p>\n<\/div>\n<\/div>\n<div>\n<p>        <img decoding=\"async\" src=\"\/wp-content\/uploads\/2025\/03\/Teckentrup_Logo_CMYK_Black-scaled.jpg\" alt=\"\"><\/p>\n<p><a href=\"https:\/\/www.teckentrup.biz\/\"><\/a><\/p>\n<\/div>\n<p><!--more--><br \/>\n<!-- {\"type\":\"layout\",\"children\":[{\"type\":\"section\",\"props\":{\"image_position\":\"center-center\",\"padding_remove_bottom\":true,\"padding_remove_top\":true,\"style\":\"default\",\"title_breakpoint\":\"xl\",\"title_position\":\"top-left\",\"title_rotation\":\"left\",\"vertical_align\":\"middle\",\"width\":\"\"},\"children\":[{\"type\":\"row\",\"children\":[{\"type\":\"column\",\"props\":{\"image_position\":\"center-center\",\"position_sticky_breakpoint\":\"m\"},\"children\":[{\"type\":\"slideshow\",\"props\":{\"animation\":\"parallax\",\"content_expand\":false,\"link_style\":\"default\",\"link_text\":\"Read more\",\"margin\":\"default\",\"meta_align\":\"below-title\",\"meta_element\":\"div\",\"meta_style\":\"h4\",\"nav\":\"\",\"nav_align\":\"center\",\"nav_breakpoint\":\"s\",\"nav_position\":\"bottom-center\",\"nav_position_margin\":\"medium\",\"overlay_animation\":\"parallax\",\"overlay_margin\":\"large\",\"overlay_parallax_x\":\"40\",\"overlay_position\":\"center\",\"parallax_opacity\":\"0.2\",\"parallax_scale\":\"0.9\",\"show_content\":true,\"show_link\":true,\"show_meta\":true,\"show_thumbnail\":true,\"show_title\":true,\"slidenav\":\"default\",\"slidenav_breakpoint\":\"s\",\"slidenav_hover\":false,\"slidenav_large\":true,\"slidenav_margin\":\"medium\",\"slidenav_outside_breakpoint\":\"xl\",\"slideshow_autoplay_pause\":true,\"slideshow_min_height\":300,\"slideshow_ratio\":\"16:7\",\"text_align\":\"center\",\"thumbnav_height\":\"75\",\"thumbnav_svg_color\":\"emphasis\",\"thumbnav_width\":\"100\",\"title_element\":\"div\",\"title_hover_style\":\"reset\",\"title_style\":\"heading-large\",\"visibility\":\"s\"},\"children\":[{\"type\":\"slideshow_item\",\"props\":{\"content\":\"\",\"image\":\"wp-content\\\/uploads\\\/2025\\\/04\\\/Feuerwehr-mit-Teckentrup-Sectionaltoren-2_2560x1200k.jpg\",\"image_alt\":\"Tore, Hartinger - Metallbau & Schlosserei\",\"media_overlay\":\"rgba(0, 0, 0, 0.34)\",\"meta\":\"Hartinger - Metallbau & Schlosserei\",\"text_color\":\"light\",\"title\":\"Industrietore\"}}]}]}]}],\"name\":\"slideshow gro\\u00df NEU\"},{\"type\":\"section\",\"props\":{\"image_position\":\"center-center\",\"padding_remove_bottom\":true,\"padding_remove_top\":true,\"style\":\"default\",\"title_breakpoint\":\"xl\",\"title_position\":\"top-left\",\"title_rotation\":\"left\",\"vertical_align\":\"middle\",\"width\":\"\"},\"children\":[{\"type\":\"row\",\"children\":[{\"type\":\"column\",\"props\":{\"image_position\":\"center-center\",\"position_sticky_breakpoint\":\"m\"},\"children\":[{\"type\":\"slideshow\",\"props\":{\"animation\":\"parallax\",\"content_expand\":false,\"link_style\":\"default\",\"link_text\":\"Read more\",\"margin\":\"default\",\"meta_align\":\"below-title\",\"meta_element\":\"div\",\"meta_margin\":\"small\",\"meta_style\":\"h4\",\"nav\":\"\",\"nav_align\":\"center\",\"nav_breakpoint\":\"s\",\"nav_position\":\"bottom-center\",\"nav_position_margin\":\"medium\",\"overlay_animation\":\"parallax\",\"overlay_margin\":\"none\",\"overlay_position\":\"center\",\"parallax_opacity\":\"0.2\",\"parallax_scale\":\"0.9\",\"show_content\":true,\"show_link\":true,\"show_meta\":true,\"show_thumbnail\":true,\"show_title\":true,\"slidenav\":\"default\",\"slidenav_breakpoint\":\"s\",\"slidenav_hover\":false,\"slidenav_large\":true,\"slidenav_margin\":\"medium\",\"slidenav_outside_breakpoint\":\"xl\",\"slideshow_autoplay_pause\":true,\"slideshow_min_height\":\"300\",\"slideshow_ratio\":\"16:7\",\"text_align\":\"center\",\"thumbnav_height\":\"75\",\"thumbnav_svg_color\":\"emphasis\",\"thumbnav_width\":\"100\",\"title_element\":\"div\",\"title_hover_style\":\"reset\",\"title_style\":\"heading-small\",\"visibility\":\"hidden-s\"},\"children\":[{\"type\":\"slideshow_item\",\"props\":{\"content\":\"\",\"image\":\"wp-content\\\/uploads\\\/2025\\\/04\\\/Feuerwehr-mit-Teckentrup-Sectionaltoren-2k.jpg\",\"image_alt\":\"Tore, Hartinger - Metallbau & Schlosserei\",\"media_overlay\":\"rgba(0, 0, 0, 0.3)\",\"meta\":\"Hartinger - Metallbau & Schlosserei\",\"text_color\":\"light\",\"title\":\"Industrietore\"}}]}]}]}],\"name\":\"slideshow klein mit Text\"},{\"name\":\"Hero\",\"type\":\"section\",\"props\":{\"image_position\":\"center-center\",\"style\":\"default\",\"title\":\"Services\",\"title_breakpoint\":\"l\",\"title_position\":\"top-right\",\"title_rotation\":\"left\",\"vertical_align\":\"\",\"width\":\"large\"},\"children\":[{\"type\":\"row\",\"children\":[{\"type\":\"column\",\"props\":{\"image_position\":\"center-center\",\"position_sticky_breakpoint\":\"m\",\"width_medium\":\"1-1\"},\"children\":[{\"type\":\"headline\",\"props\":{\"animation\":\"parallax\",\"content\":\"F\\u00fcr reibungslose Betriebsabl\\u00e4ufe\",\"parallax_breakpoint\":\"m\",\"parallax_easing\":\"1\",\"parallax_y\":\"0,-75\",\"title_element\":\"div\",\"title_style\":\"h4\"}},{\"type\":\"headline\",\"props\":{\"animation\":\"parallax\",\"content\":\"Tore f\\u00fcr alle Unternehmen\\n\n\n<div style=\\\"all: initial;\\\" class=\\\"notranslate\\\"><\\\/div>\",\"margin_remove_top\":true,\"parallax_breakpoint\":\"m\",\"parallax_easing\":\"1\",\"parallax_y\":\"0,-75\",\"title_element\":\"h1\",\"visibility\":\"s\"}},{\"type\":\"headline\",\"props\":{\"animation\":\"parallax\",\"content\":\"Tore f\\u00fcr alle Unternehmen\\n\n\n<div style=\\\"all: initial;\\\" class=\\\"notranslate\\\"><\\\/div>\",\"margin_remove_top\":true,\"parallax_breakpoint\":\"m\",\"parallax_easing\":\"1\",\"parallax_y\":\"0,-75\",\"title_element\":\"div\",\"title_style\":\"heading-small\",\"visibility\":\"hidden-s\"}},{\"type\":\"text\",\"props\":{\"column\":\"1-2\",\"column_breakpoint\":\"m\",\"column_divider\":true,\"content\":\"\n\n<p data-start=\\\"98\\\" data-end=\\\"575\\\" class=\\\"\\\">Industrietore \\u2013 auch Hallentore genannt \\u2013 verschlie\\u00dfen gro\\u00dfe \\u00d6ffnungen in Lagerhallen, Produktionsst\\u00e4tten und Industrieanlagen sicher und zuverl\\u00e4ssig. Sie sind essenziell f\\u00fcr einen effizienten Betriebsablauf und m\\u00fcssen dauerhaft hohen Belastungen standhalten. Da sie oft in automatisierte Logistik- und Produktionsprozesse eingebunden sind, ist eine st\\u00f6rungsfreie Funktion besonders wichtig \\u2013 Ausf\\u00e4lle k\\u00f6nnen teuer werden.<\\\/p>\\n\n\n<p data-start=\\\"577\\\" data-end=\\\"868\\\" class=\\\"\\\">Teckentrup Industrietore bieten maximale Zuverl\\u00e4ssigkeit dank robuster Bauweise, langlebiger Antriebe und moderner Steuerungstechnik. Je nach Anforderung stehen Rolltore, Sektionaltore, Falttore oder Feuerschutz-Schiebetore zur Verf\\u00fcgung \\u2013 ideal f\\u00fcr platzsparende oder gro\\u00dffl\\u00e4chige L\\u00f6sungen.<\\\/p>\",\"margin\":\"default\"}}]}]}]},{\"name\":\"Services\",\"type\":\"section\",\"props\":{\"animation_delay\":false,\"image_position\":\"center-center\",\"padding\":\"xsmall\",\"padding_remove_bottom\":false,\"padding_remove_top\":false,\"style\":\"default\",\"title_breakpoint\":\"s\",\"title_position\":\"top-right\",\"title_rotation\":\"left\",\"vertical_align\":\"\",\"width\":\"large\"},\"children\":[{\"type\":\"row\",\"props\":{\"margin_remove_bottom\":false,\"margin_remove_top\":false},\"children\":[{\"type\":\"column\",\"props\":{\"image_position\":\"center-center\",\"position_sticky_breakpoint\":\"m\",\"width_medium\":\"1-1\"},\"children\":[{\"type\":\"gallery\",\"props\":{\"animation\":\"none\",\"filter_align\":\"left\",\"filter_all\":true,\"filter_grid_breakpoint\":\"m\",\"filter_grid_width\":\"auto\",\"filter_position\":\"top\",\"filter_style\":\"tab\",\"grid_column_gap\":\"small\",\"grid_default\":\"1\",\"grid_medium\":\"3\",\"grid_row_gap\":\"small\",\"grid_small\":\"2\",\"image_expand\":false,\"image_height\":850,\"image_transition\":\"scale-up\",\"image_width\":\"850\",\"item_animation\":true,\"lightbox_bg_close\":true,\"link_style\":\"default\",\"link_target\":true,\"link_text\":\"\",\"margin\":\"\",\"meta_align\":\"below-title\",\"meta_element\":\"div\",\"meta_style\":\"\",\"overlay_hover\":false,\"overlay_link\":true,\"overlay_margin\":\"small\",\"overlay_maxwidth\":\"large\",\"overlay_mode\":\"caption\",\"overlay_position\":\"bottom-center\",\"overlay_style\":\"overlay-default\",\"overlay_transition\":\"fade\",\"parallax_easing\":\"1\",\"show_content\":false,\"show_hover_image\":true,\"show_hover_video\":true,\"show_link\":true,\"show_meta\":true,\"show_title\":true,\"text_align\":\"center\",\"text_color\":\"\",\"title_element\":\"h4\",\"title_hover_style\":\"reset\"},\"children\":[{\"type\":\"gallery_item\",\"props\":{\"content\":\"\",\"image\":\"wp-content\\\/uploads\\\/2025\\\/03\\\/Feuerwehr-mit-Teckentrup-Sectionaltoren-4.jpg\",\"image_alt\":\"Sectionaltore, Hartinger MEtallbau, Wangen im Allg\\u00e4u\",\"image_focal_point\":\"bottom-center\",\"link\":\"https:\\\/\\\/www.teckentrup.biz\\\/industrietore\",\"title\":\"Sectionaltore\"}},{\"type\":\"gallery_item\",\"props\":{\"content\":\"\",\"image\":\"wp-content\\\/uploads\\\/2025\\\/03\\\/Teckentrup-Rolltore-fuer-die-Landwirtschaft.jpg\",\"image_alt\":\"Rolltore, Hartinger MEtallbau, Wangen im Allg\\u00e4u\",\"image_focal_point\":\"center-left\",\"link\":\"https:\\\/\\\/www.teckentrup.biz\\\/industrietore\",\"title\":\"Rolltore\"}},{\"type\":\"gallery_item\",\"props\":{\"content\":\"\",\"image\":\"wp-content\\\/uploads\\\/2025\\\/03\\\/Rollgitter.jpg\",\"image_alt\":\"Rollgitter, Hartinger MEtallbau, Wangen im Allg\\u00e4u\",\"link\":\"https:\\\/\\\/www.teckentrup.biz\\\/industrietore\",\"title\":\"Rollgitter\"}},{\"type\":\"gallery_item\",\"props\":{\"content\":\"<a class=\\\"uk-button uk-button-text\\\">More Details<\\\/a>\",\"image\":\"wp-content\\\/uploads\\\/2025\\\/03\\\/Schnelllauf-Folientor.jpg\",\"image_alt\":\"Schnellauf Folientore, Hartinger MEtallbau, Wangen im Allg\\u00e4u\",\"image_focal_point\":\"bottom-center\",\"link\":\"https:\\\/\\\/www.teckentrup.biz\\\/industrietore\",\"title\":\"Schnellauf Folientore\"}},{\"type\":\"gallery_item\",\"props\":{\"content\":\"<a class=\\\"uk-button uk-button-text\\\">More Details<\\\/a>\",\"image\":\"wp-content\\\/uploads\\\/2025\\\/03\\\/Falttor-mit-Schlupftuer.jpg\",\"image_alt\":\"Feuerschutztore, Hartinger MEtallbau, Wangen im Allg\\u00e4u\",\"image_focal_point\":\"bottom-center\",\"link\":\"https:\\\/\\\/www.teckentrup.biz\\\/industrietore\",\"title\":\"Feuerschutztore\"}},{\"type\":\"gallery_item\",\"props\":{\"content\":\"<a class=\\\"uk-button uk-button-text\\\">More Details<\\\/a>\",\"image\":\"wp-content\\\/uploads\\\/2025\\\/03\\\/Falttor-FE-Tecketnrup-50.jpg\",\"image_alt\":\"Falttore, Hartinger MEtallbau, Wangen im Allg\\u00e4u\",\"image_focal_point\":\"bottom-center\",\"link\":\"https:\\\/\\\/www.teckentrup.biz\\\/industrietore\",\"title\":\"Falttore\"}}]}]}]}]},{\"type\":\"section\",\"props\":{\"image_position\":\"center-center\",\"status\":\"disabled\",\"style\":\"default\",\"title_breakpoint\":\"xl\",\"title_position\":\"top-left\",\"title_rotation\":\"left\",\"vertical_align\":\"middle\",\"width\":\"large\"},\"children\":[{\"type\":\"row\",\"children\":[{\"type\":\"column\",\"props\":{\"image_position\":\"center-center\",\"position_sticky_breakpoint\":\"m\"},\"children\":[{\"type\":\"grid\",\"props\":{\"content_column_breakpoint\":\"m\",\"filter_align\":\"left\",\"filter_all\":true,\"filter_grid_breakpoint\":\"m\",\"filter_grid_width\":\"auto\",\"filter_position\":\"top\",\"filter_style\":\"tab\",\"grid_column_gap\":\"medium\",\"grid_default\":\"1\",\"grid_medium\":\"3\",\"grid_row_gap\":\"medium\",\"icon_width\":80,\"image_align\":\"top\",\"image_grid_breakpoint\":\"m\",\"image_grid_width\":\"1-2\",\"image_height\":850,\"image_svg_color\":\"emphasis\",\"image_width\":850,\"item_animation\":true,\"lightbox_bg_close\":true,\"link_style\":\"default\",\"link_text\":\"Read more\",\"margin\":\"default\",\"meta_align\":\"below-title\",\"meta_element\":\"div\",\"meta_style\":\"text-meta\",\"panel_image_no_padding\":true,\"panel_padding\":\"default\",\"panel_style\":\"card-default\",\"show_content\":true,\"show_hover_image\":true,\"show_hover_video\":true,\"show_image\":true,\"show_link\":true,\"show_meta\":true,\"show_title\":true,\"show_video\":true,\"title_align\":\"top\",\"title_element\":\"h3\",\"title_grid_breakpoint\":\"m\",\"title_grid_width\":\"1-2\",\"title_hover_style\":\"reset\"},\"children\":[{\"type\":\"grid_item\",\"props\":{\"content\":\"\n\n<p>Die Industrie-Sektionaltore von Teckentrup bieten vielseitige Einsatzm\\u00f6glichkeiten und k\\u00f6nnen optional mit W\\u00e4rmed\\u00e4mmung und Isolierung ausgestattet werden. Dank robuster Sektionen verschlie\\u00dfen sie Au\\u00dfen\\u00f6ffnungen in Industriegeb\\u00e4uden, Rettungszentralen, Logistikzentren, Lagerhallen, Feuerwehr-St\\u00fctzpunkten und Werkst\\u00e4tten sicher und zuverl\\u00e4ssig. Zudem erm\\u00f6glichen sie vielf\\u00e4ltige Designvarianten. Auf Wunsch sind ansichtsgleiche Nebent\\u00fcren oder Schlupft\\u00fcren erh\\u00e4ltlich.<\\\/p>\",\"image\":\"wp-content\\\/uploads\\\/2025\\\/03\\\/Feuerwehr-mit-Teckentrup-Sectionaltoren-4.jpg\",\"title\":\"Sektionaltore\"}},{\"type\":\"grid_item\",\"props\":{\"content\":\"\n\n<p>Teckentrup Rolltore sind dank platzsparender Rolltechnik und strapazierf\\u00e4higem Rollpanzer ideal f\\u00fcr hohe und breite Hallenabschl\\u00fcsse. Sie \\u00fcberzeugen durch Wirtschaftlichkeit, Robustheit und eine einfache Konstruktion. Das Rolltor Typ 4020 aus Aluminiumprofilen ist in bandbeschichteter Ausf\\u00fchrung besonders f\\u00fcr den Einsatz in Meeresn\\u00e4he (Korrosion) oder landwirtschaftlichen Bereichen (St\\u00e4lle) geeignet.<\\\/p>\",\"image\":\"wp-content\\\/uploads\\\/2025\\\/03\\\/Teckentrup-Rolltore-fuer-die-Landwirtschaft.jpg\",\"title\":\"Rolltore\"}},{\"type\":\"grid_item\",\"props\":{\"content\":\"\n\n<p>Teckentrup Rollgitter eignen sich aufgrund ihres Einbruchschutzes besonders f\\u00fcr Einkaufspassagen, Einfahrbereiche von Parkh\\u00e4usern und Tiefgaragen. Sie sorgen f\\u00fcr einen hohen Luftaustausch, viel Licht und vor allem guten Durchblick.<\\\/p>\",\"image\":\"wp-content\\\/uploads\\\/2025\\\/03\\\/Rollgitter.jpg\",\"title\":\"Rollgitter\"}},{\"type\":\"grid_item\",\"props\":{\"content\":\"\n\n<p>Das Treckentrupp Schnelllauf-Folientor besteht mit Behang aus Kunststofffolie und wickelt sich, wie ein Rolltor, auf einer Welle am Sturz. Sie eignen sich f\\u00fcr den robusten Dauereinsatz im Innen-\\\/Au\\u00dfenbereich und sorgen f\\u00fcr einen reibungslosen Verkehrsfluss.<\\\/p>\",\"image\":\"wp-content\\\/uploads\\\/2025\\\/03\\\/Schnelllauf-Folientor.jpg\",\"title\":\"Folienschnelllauftor\"}},{\"type\":\"grid_item\",\"props\":{\"content\":\"\n\n<p>Gr\\u00f6\\u00dfte Flexibilit\\u00e4t in der t\\u00e4glichen Nutzung, zugleich maximaler Brandschutz f\\u00fcr den Fall der F\\u00e4lle - genau auf diesen doppelten Anspruch sind unsere Feuerschutztore ausgelegt. Industriebetriebe und Logistikunternehmen setzen deshalb ebenso unsere Produkt wie Einkaufszentren, Verkehrsbauten und Kliniken.<\\\/p>\",\"image\":\"wp-content\\\/uploads\\\/2025\\\/03\\\/Falttor-mit-Schlupftuer.jpg\",\"title\":\"Feuerschutztore\"}},{\"type\":\"grid_item\",\"props\":{\"image\":\"wp-content\\\/uploads\\\/2025\\\/03\\\/Falttor-FE-Tecketnrup-50.jpg\",\"title\":\"Falttor FE Tecketnrup 50\"}}]}]}]}]},{\"type\":\"section\",\"props\":{\"image_position\":\"center-center\",\"padding\":\"small\",\"style\":\"default\",\"title_breakpoint\":\"xl\",\"title_position\":\"top-left\",\"title_rotation\":\"left\",\"vertical_align\":\"middle\",\"width\":\"large\"},\"children\":[{\"type\":\"row\",\"props\":{\"layout\":\"2-3,1-3\"},\"children\":[{\"type\":\"column\",\"props\":{\"image_position\":\"center-center\",\"position_sticky_breakpoint\":\"m\",\"width_medium\":\"2-3\",\"width_small\":\"1-2\"},\"children\":[{\"type\":\"panel\",\"props\":{\"content\":\"\n\n<p>In den Leistungseigenschaften (nach <a href=\\\"https:\\\/\\\/www.teckentrup.biz\\\/glossar#en-13241-1\\\" data-toggle=\\\"tooltip\\\" data-placement=\\\"top\\\" title=\\\"\\\" class=\\\"glossary-link\\\" data-original-title=\\\"Was regelt die EN 13241-1?\\\">EN 13241-1<\\\/a>) f\\u00fcr Industrie Sektionaltore werden die W\\u00e4rmed\\u00e4mmung nach <a href=\\\"https:\\\/\\\/www.teckentrup.biz\\\/glossar#en-13241-1\\\" data-toggle=\\\"tooltip\\\" data-placement=\\\"top\\\" title=\\\"\\\" class=\\\"glossary-link\\\" data-original-title=\\\"Was regelt die EN 13241-1?\\\">EN 13241-1<\\\/a> die <strong>Windlast<\\\/strong>-Klassifizierung nach EN 12424, die <strong>Schlagregendichtigkeit <\\\/strong>gem\\u00e4\\u00df EN 12425\\\/EN 12489, die <strong>Luftdurchl\\u00e4ssigkeit <\\\/strong>nach EN 12426\\\/EN 12427 sowie das <strong>Brandverhalten nach <\\\/strong>DIN EN 4102 und das <strong>Schalld\\u00e4mm-Ma\\u00df<\\\/strong> nach ISO 140-3 angegeben.<\\\/p>\",\"content_column_breakpoint\":\"m\",\"icon_width\":80,\"image_align\":\"top\",\"image_grid_breakpoint\":\"m\",\"image_grid_width\":\"1-2\",\"image_svg_color\":\"emphasis\",\"link_style\":\"default\",\"link_text\":\"Read more\",\"margin\":\"default\",\"meta_align\":\"below-title\",\"meta_element\":\"div\",\"meta_style\":\"text-meta\",\"panel_padding\":\"default\",\"panel_style\":\"card-primary\",\"title\":\"DIN-Normen\",\"title_align\":\"top\",\"title_element\":\"h3\",\"title_grid_breakpoint\":\"m\",\"title_grid_width\":\"1-2\",\"title_hover_style\":\"reset\"}}]},{\"type\":\"column\",\"props\":{\"image_position\":\"center-center\",\"position_sticky_breakpoint\":\"m\",\"vertical_align\":\"middle\",\"width_medium\":\"1-3\",\"width_small\":\"1-2\"},\"children\":[{\"type\":\"panel\",\"props\":{\"content_column_breakpoint\":\"m\",\"icon_width\":80,\"image\":\"wp-content\\\/uploads\\\/2025\\\/03\\\/Teckentrup_Logo_CMYK_Black-scaled.jpg\",\"image_align\":\"top\",\"image_grid_breakpoint\":\"m\",\"image_grid_width\":\"1-2\",\"image_link\":true,\"image_svg_color\":\"emphasis\",\"image_transition\":\"scale-up\",\"link\":\"https:\\\/\\\/www.teckentrup.biz\\\/\",\"link_style\":\"default\",\"link_target\":true,\"link_text\":\"\",\"margin\":\"default\",\"meta_align\":\"below-title\",\"meta_element\":\"div\",\"meta_style\":\"text-meta\",\"title_align\":\"top\",\"title_element\":\"h3\",\"title_grid_breakpoint\":\"m\",\"title_grid_width\":\"1-2\",\"title_hover_style\":\"reset\"}}]}]}]}],\"version\":\"4.5.13\"} --><\/p>\n","protected":false},"excerpt":{"rendered":"<p>Industrietore Hartinger &#8211; Metallbau &#038; Schlosserei Industrietore Hartinger &#8211; Metallbau &#038; Schlosserei F\u00fcr reibungslose Betriebsabl\u00e4ufe Tore f\u00fcr alle Unternehmen Tore f\u00fcr alle Unternehmen Industrietore \u2013 auch Hallentore genannt \u2013 verschlie\u00dfen gro\u00dfe \u00d6ffnungen in Lagerhallen, Produktionsst\u00e4tten und Industrieanlagen sicher und zuverl\u00e4ssig. Sie sind essenziell f\u00fcr einen effizienten Betriebsablauf und m\u00fcssen dauerhaft hohen Belastungen standhalten. Da sie [&hellip;]<\/p>\n","protected":false},"author":1,"featured_media":0,"parent":2,"menu_order":0,"comment_status":"closed","ping_status":"closed","template":"","meta":{"_acf_changed":false,"footnotes":""},"class_list":["post-2700","page","type-page","status-publish","hentry"],"acf":[],"_links":{"self":[{"href":"https:\/\/www.metallbau-hartinger.de\/index.php?rest_route=\/wp\/v2\/pages\/2700","targetHints":{"allow":["GET"]}}],"collection":[{"href":"https:\/\/www.metallbau-hartinger.de\/index.php?rest_route=\/wp\/v2\/pages"}],"about":[{"href":"https:\/\/www.metallbau-hartinger.de\/index.php?rest_route=\/wp\/v2\/types\/page"}],"author":[{"embeddable":true,"href":"https:\/\/www.metallbau-hartinger.de\/index.php?rest_route=\/wp\/v2\/users\/1"}],"replies":[{"embeddable":true,"href":"https:\/\/www.metallbau-hartinger.de\/index.php?rest_route=%2Fwp%2Fv2%2Fcomments&post=2700"}],"version-history":[{"count":90,"href":"https:\/\/www.metallbau-hartinger.de\/index.php?rest_route=\/wp\/v2\/pages\/2700\/revisions"}],"predecessor-version":[{"id":4774,"href":"https:\/\/www.metallbau-hartinger.de\/index.php?rest_route=\/wp\/v2\/pages\/2700\/revisions\/4774"}],"up":[{"embeddable":true,"href":"https:\/\/www.metallbau-hartinger.de\/index.php?rest_route=\/wp\/v2\/pages\/2"}],"wp:attachment":[{"href":"https:\/\/www.metallbau-hartinger.de\/index.php?rest_route=%2Fwp%2Fv2%2Fmedia&parent=2700"}],"curies":[{"name":"wp","href":"https:\/\/api.w.org\/{rel}","templated":true}]}}