{"id":2766,"date":"2025-03-12T15:40:14","date_gmt":"2025-03-12T15:40:14","guid":{"rendered":"https:\/\/www.metallbau-hartinger.de\/?page_id=2766"},"modified":"2025-04-28T08:44:11","modified_gmt":"2025-04-28T08:44:11","slug":"insektenschutzgitter","status":"publish","type":"page","link":"https:\/\/www.metallbau-hartinger.de\/?page_id=2766","title":{"rendered":"Insektenschutzgitter"},"content":{"rendered":"<div>\n<p>    <img decoding=\"async\" src=\"\/wp-content\/uploads\/2025\/04\/shutterstock_1384729652_2560x1200k.jpg\" alt=\"Insektenschutzgitter, Hartinger - Metallbau &#038; Schlosserei\"><\/p>\n<div>INSEKTENSCHUTZ<\/div>\n<p>Hartinger &#8211; Metallbau &#038; Schlosserei<\/p>\n<\/div>\n<div>\n<p>    <img decoding=\"async\" src=\"\/wp-content\/uploads\/2025\/04\/shutterstock_1384729652k.jpg\" alt=\"Insektenschutzgitter Hartinger - Metallbau &#038; Schlosserei, Wangen im Allg\u00e4u\"><\/p>\n<div>INSEKTENSCHUTZ<\/div>\n<p>Hartinger &#8211; Metallbau &#038; Schlosserei<\/p>\n<\/div>\n<div>Funktional, unauff\u00e4llig und langlebig.<\/div>\n<h1>Schutz vor Insekten, <br \/>Schmutz und Pollen<\/h1>\n<div>\n<p>    <img decoding=\"async\" src=\"\/wp-content\/uploads\/2025\/04\/Logo_Reflexa_Claim_unten_2018_4c_Pfade.png\" alt=\"\"><\/p>\n<p><a href=\"https:\/\/www.reflexa.de\/\"><\/a><\/p>\n<\/div>\n<div>\n<p data-start=\"180\" data-end=\"421\" class=\"\">Unsere Insektenschutzl\u00f6sungen sorgen f\u00fcr ein angenehmes Wohnklima \u2013 ganz ohne l\u00e4stige Plagegeister. Das feinmaschige, nahezu transparente Gewebe h\u00e4lt Insekten zuverl\u00e4ssig fern, w\u00e4hrend Luft und Tageslicht ungehindert in die R\u00e4ume gelangen.<\/p>\n<p data-start=\"423\" data-end=\"648\" class=\"\">Dank stabiler, hochwertiger Rahmenkonstruktionen in verschiedenen Farben f\u00fcgen sich die Elemente harmonisch in Ihre Fenster und T\u00fcren ein. Selbst bei h\u00e4ufiger Nutzung oder leichten St\u00f6\u00dfen bleiben Funktion und Form erhalten.<\/p>\n<p data-start=\"650\" data-end=\"899\" class=\"\">Ob als Spannrahmen, Rollo, Plissee, Schiebe-, Pendel- oder Dreht\u00fcr \u2013 f\u00fcr nahezu jede Einbausituation gibt es eine passgenaue L\u00f6sung. Optional k\u00f6nnen Ausf\u00fchrungen mit integrierter Haustierklappe oder spezieller Lichtschachtabdeckung erg\u00e4nzt werden.<\/p>\n<\/div>\n<ul>\n<li>\n<p>        <img decoding=\"async\" src=\"\/wp-content\/uploads\/2025\/04\/ISG_Drehtuer_2024_midk.jpg\" alt=\"\"><\/p>\n<h4>Dreht\u00fcre<\/h4>\n<\/li>\n<li>\n<p>        <img decoding=\"async\" src=\"\/wp-content\/uploads\/2025\/04\/ISG_Pendeltuer_Griffleiste_2024_midk.jpg\" alt=\"\"><\/p>\n<h4>Pendelt\u00fcre<\/h4>\n<\/li>\n<li>\n<p>        <img decoding=\"async\" src=\"\/wp-content\/uploads\/2025\/04\/ISG_Lichtschachtabdeckung_Ecke_aussen_2024_lowk.jpg\" alt=\"\"><\/p>\n<h4>Lichtschachtabdeckung<\/h4>\n<\/li>\n<li>\n<p>        <img decoding=\"async\" src=\"\/wp-content\/uploads\/2025\/04\/ISG_Plissee_2024_midk.jpg\" alt=\"\"><\/p>\n<h4>Insektenschutz-Plissee<\/h4>\n<\/li>\n<li>\n<p>        <img decoding=\"async\" src=\"\/wp-content\/uploads\/2025\/04\/Insektenschutz-Rollok.jpg\" alt=\"\"><\/p>\n<h4>Insektenschutz-Rollo<\/h4>\n<\/li>\n<li>\n<p>        <img decoding=\"async\" src=\"\/wp-content\/uploads\/2025\/04\/Insektenschutz-Schiebeanlage-2k.jpg\" alt=\"\"><\/p>\n<h4>Insektenschutz-Schiebeanlage<\/h4>\n<\/li>\n<li>\n<p>        <img decoding=\"async\" src=\"\/wp-content\/uploads\/2025\/04\/Integrierter-Insektenschutzk.jpg\" alt=\"\"><\/p>\n<h4>Integrierter-Insektenschutz<\/h4>\n<\/li>\n<li>\n<p>        <img decoding=\"async\" src=\"\/wp-content\/uploads\/2025\/04\/ISG_Haustierklappe_2024_midk.jpg\" alt=\"\"><\/p>\n<h4>Insektengitter mit Tierklappe<\/h4>\n<\/li>\n<\/ul>\n<p><p>\n        <a href=\"https:\/\/www.reflexa.de\/insektenschutz\/\">Weitere Informationen<\/a>\n    <\/p>\n<\/p>\n<div>Das macht den Unterschied<\/div>\n<h2>Insektenschutz im Einsatz<\/h2>\n<ul>\n<li>\n<p>        <img decoding=\"async\" src=\"\/wp-content\/uploads\/2025\/03\/haken_vorteile.png\" alt=\"\"><\/p>\n<div>\n<h4>Robuste Qualit\u00e4t<\/h4>\n<p>Stabil und langlebig \u2013 unsere Produkte halten selbst leichten St\u00f6\u00dfen stand und bieten eine lange Lebensdauer.<\/p><\/div>\n<\/li>\n<li>\n<p>        <img decoding=\"async\" src=\"\/wp-content\/uploads\/2025\/03\/haken_vorteile.png\" alt=\"\"><\/p>\n<div>\n<h4>Einfache Bedienung<\/h4>\n<p>Komfortabel in der Handhabung und leicht zu reinigen.<\/p><\/div>\n<\/li>\n<li>\n<p>        <img decoding=\"async\" src=\"\/wp-content\/uploads\/2025\/03\/haken_vorteile.png\" alt=\"\"><\/p>\n<div>\n<h4>Harmonische Integration<\/h4>\n<p>Die Rahmen k\u00f6nnen in Ihrer Wunschfarbe ausgew\u00e4hlt werden und f\u00fcgen sich perfekt in Fenster und T\u00fcren ein, um ein harmonisches Gesamtbild zu schaffen.<\/p><\/div>\n<\/li>\n<\/ul>\n<p><!--more--><br \/>\n<!-- {\"type\":\"layout\",\"children\":[{\"type\":\"section\",\"props\":{\"image_position\":\"center-center\",\"padding_remove_bottom\":true,\"padding_remove_top\":true,\"style\":\"default\",\"title_breakpoint\":\"xl\",\"title_position\":\"top-left\",\"title_rotation\":\"left\",\"vertical_align\":\"middle\",\"width\":\"\"},\"children\":[{\"type\":\"row\",\"children\":[{\"type\":\"column\",\"props\":{\"image_position\":\"center-center\",\"position_sticky_breakpoint\":\"m\"},\"children\":[{\"type\":\"slideshow\",\"props\":{\"animation\":\"parallax\",\"content_expand\":false,\"link_style\":\"default\",\"link_text\":\"Read more\",\"margin\":\"default\",\"meta_align\":\"below-title\",\"meta_element\":\"div\",\"meta_style\":\"h4\",\"nav\":\"\",\"nav_align\":\"center\",\"nav_breakpoint\":\"s\",\"nav_position\":\"bottom-center\",\"nav_position_margin\":\"medium\",\"overlay_animation\":\"parallax\",\"overlay_margin\":\"large\",\"overlay_parallax_x\":\"40\",\"overlay_position\":\"center\",\"parallax_opacity\":\"0.2\",\"parallax_scale\":\"0.9\",\"show_content\":true,\"show_link\":true,\"show_meta\":true,\"show_thumbnail\":true,\"show_title\":true,\"slidenav\":\"default\",\"slidenav_breakpoint\":\"s\",\"slidenav_hover\":false,\"slidenav_large\":true,\"slidenav_margin\":\"medium\",\"slidenav_outside_breakpoint\":\"xl\",\"slideshow_autoplay_pause\":true,\"slideshow_min_height\":300,\"slideshow_ratio\":\"16:7\",\"text_align\":\"center\",\"thumbnav_height\":\"75\",\"thumbnav_svg_color\":\"emphasis\",\"thumbnav_width\":\"100\",\"title_element\":\"div\",\"title_hover_style\":\"reset\",\"title_style\":\"heading-large\",\"visibility\":\"m\"},\"children\":[{\"type\":\"slideshow_item\",\"props\":{\"content\":\"\",\"image\":\"wp-content\\\/uploads\\\/2025\\\/04\\\/shutterstock_1384729652_2560x1200k.jpg\",\"image_alt\":\"Insektenschutzgitter, Hartinger - Metallbau & Schlosserei\",\"media_overlay\":\"rgba(0, 0, 0, 0.23)\",\"meta\":\"Hartinger - Metallbau & Schlosserei\",\"text_color\":\"light\",\"title\":\"INSEKTENSCHUTZ\"}}]}]}]}],\"name\":\"slideshow gro\\u00df NEU\"},{\"type\":\"section\",\"props\":{\"image_position\":\"center-center\",\"padding_remove_bottom\":true,\"padding_remove_top\":true,\"style\":\"default\",\"title_breakpoint\":\"xl\",\"title_position\":\"top-left\",\"title_rotation\":\"left\",\"vertical_align\":\"middle\",\"width\":\"\"},\"children\":[{\"type\":\"row\",\"children\":[{\"type\":\"column\",\"props\":{\"image_position\":\"center-center\",\"position_sticky_breakpoint\":\"m\"},\"children\":[{\"type\":\"slideshow\",\"props\":{\"animation\":\"parallax\",\"content_expand\":false,\"link_style\":\"default\",\"link_text\":\"Read more\",\"margin\":\"default\",\"meta_align\":\"below-title\",\"meta_element\":\"div\",\"meta_margin\":\"small\",\"meta_style\":\"h4\",\"nav\":\"\",\"nav_align\":\"center\",\"nav_breakpoint\":\"s\",\"nav_position\":\"bottom-center\",\"nav_position_margin\":\"medium\",\"overlay_animation\":\"parallax\",\"overlay_margin\":\"large\",\"overlay_position\":\"center\",\"parallax_opacity\":\"0.2\",\"parallax_scale\":\"0.9\",\"show_content\":true,\"show_link\":true,\"show_meta\":true,\"show_thumbnail\":true,\"show_title\":true,\"slidenav\":\"default\",\"slidenav_breakpoint\":\"s\",\"slidenav_hover\":false,\"slidenav_large\":true,\"slidenav_margin\":\"medium\",\"slidenav_outside_breakpoint\":\"xl\",\"slideshow_autoplay_pause\":true,\"slideshow_min_height\":300,\"slideshow_ratio\":\"16:7\",\"text_align\":\"center\",\"thumbnav_height\":\"75\",\"thumbnav_svg_color\":\"emphasis\",\"thumbnav_width\":\"100\",\"title_element\":\"div\",\"title_hover_style\":\"reset\",\"title_style\":\"h2\",\"visibility\":\"hidden-m\"},\"children\":[{\"type\":\"slideshow_item\",\"props\":{\"content\":\"\",\"image\":\"wp-content\\\/uploads\\\/2025\\\/04\\\/shutterstock_1384729652k.jpg\",\"image_alt\":\"Insektenschutzgitter Hartinger - Metallbau & Schlosserei, Wangen im Allg\\u00e4u\",\"media_overlay\":\"rgba(0, 0, 0, 0.26)\",\"meta\":\"Hartinger - Metallbau & Schlosserei\",\"text_color\":\"light\",\"title\":\"INSEKTENSCHUTZ\"}}]}]}]}],\"name\":\"slideshow klein mit Text\"},{\"name\":\"Sonnenschutz Reflexa\",\"type\":\"section\",\"props\":{\"animation\":\"slide-right-medium\",\"image_position\":\"center-center\",\"style\":\"default\",\"title\":\"Metallbau & Schlosserei\",\"title_breakpoint\":\"l\",\"title_position\":\"top-right\",\"title_rotation\":\"left\",\"vertical_align\":\"\",\"width\":\"large\"},\"children\":[{\"type\":\"row\",\"children\":[{\"type\":\"column\",\"props\":{\"image_position\":\"center-center\",\"position_sticky_breakpoint\":\"m\",\"width_large\":\"2-3\",\"width_medium\":\"1-2\",\"width_small\":\"1-1\",\"width_xlarge\":\"1-2\"},\"children\":[{\"type\":\"headline\",\"props\":{\"animation\":\"parallax\",\"content\":\"Funktional, unauff\\u00e4llig und langlebig.\",\"parallax_breakpoint\":\"m\",\"parallax_easing\":\"1\",\"parallax_y\":\"0,-75\",\"title_element\":\"div\",\"title_style\":\"h4\"}},{\"type\":\"headline\",\"props\":{\"animation\":\"parallax\",\"content\":\"Schutz vor Insekten, <br \\\/>Schmutz und Pollen\",\"margin_remove_bottom\":true,\"margin_remove_top\":true,\"parallax_breakpoint\":\"m\",\"parallax_easing\":\"1\",\"parallax_y\":\"0,-75\",\"title_element\":\"h1\"}}]},{\"type\":\"column\",\"props\":{\"image_position\":\"center-center\",\"position_sticky_breakpoint\":\"m\",\"vertical_align\":\"middle\",\"width_large\":\"1-3\",\"width_medium\":\"1-2\",\"width_small\":\"1-1\",\"width_xlarge\":\"1-2\"},\"children\":[{\"type\":\"gallery\",\"props\":{\"filter_align\":\"left\",\"filter_all\":true,\"filter_grid_breakpoint\":\"m\",\"filter_grid_width\":\"auto\",\"filter_position\":\"top\",\"filter_style\":\"tab\",\"grid_default\":\"1\",\"grid_medium\":\"1\",\"image_transition\":\"scale-up\",\"image_width\":300,\"item_animation\":true,\"lightbox\":true,\"lightbox_bg_close\":true,\"link_style\":\"default\",\"link_text\":\"\",\"margin\":\"default\",\"margin_remove_top\":false,\"meta_align\":\"below-title\",\"meta_element\":\"div\",\"meta_style\":\"text-meta\",\"overlay_hover\":true,\"overlay_link\":true,\"overlay_mode\":\"cover\",\"overlay_position\":\"center\",\"overlay_style\":\"\",\"overlay_transition\":\"fade\",\"show_content\":true,\"show_hover_image\":true,\"show_hover_video\":true,\"show_link\":true,\"show_meta\":true,\"show_title\":true,\"text_align\":\"right\",\"text_align_breakpoint\":\"m\",\"text_align_fallback\":\"left\",\"text_color\":\"light\",\"title_element\":\"h3\",\"title_hover_style\":\"reset\"},\"children\":[{\"type\":\"gallery_item\",\"props\":{\"image\":\"wp-content\\\/uploads\\\/2025\\\/04\\\/Logo_Reflexa_Claim_unten_2018_4c_Pfade.png\",\"link\":\"https:\\\/\\\/www.reflexa.de\\\/\"}}]}]}],\"props\":{\"layout\":\"1-2,1-2\",\"margin_remove_bottom\":true}},{\"type\":\"row\",\"children\":[{\"type\":\"column\",\"props\":{\"image_position\":\"center-center\",\"position_sticky_breakpoint\":\"m\",\"width_medium\":\"1-1\"},\"children\":[{\"type\":\"text\",\"props\":{\"column\":\"1-2\",\"column_breakpoint\":\"m\",\"column_divider\":true,\"content\":\"\n\n<p data-start=\\\"180\\\" data-end=\\\"421\\\" class=\\\"\\\">Unsere Insektenschutzl\\u00f6sungen sorgen f\\u00fcr ein angenehmes Wohnklima \\u2013 ganz ohne l\\u00e4stige Plagegeister. Das feinmaschige, nahezu transparente Gewebe h\\u00e4lt Insekten zuverl\\u00e4ssig fern, w\\u00e4hrend Luft und Tageslicht ungehindert in die R\\u00e4ume gelangen.<\\\/p>\\n\n\n<p data-start=\\\"423\\\" data-end=\\\"648\\\" class=\\\"\\\">Dank stabiler, hochwertiger Rahmenkonstruktionen in verschiedenen Farben f\\u00fcgen sich die Elemente harmonisch in Ihre Fenster und T\\u00fcren ein. Selbst bei h\\u00e4ufiger Nutzung oder leichten St\\u00f6\\u00dfen bleiben Funktion und Form erhalten.<\\\/p>\\n\n\n<p data-start=\\\"650\\\" data-end=\\\"899\\\" class=\\\"\\\">Ob als Spannrahmen, Rollo, Plissee, Schiebe-, Pendel- oder Dreht\\u00fcr \\u2013 f\\u00fcr nahezu jede Einbausituation gibt es eine passgenaue L\\u00f6sung. Optional k\\u00f6nnen Ausf\\u00fchrungen mit integrierter Haustierklappe oder spezieller Lichtschachtabdeckung erg\\u00e4nzt werden.<\\\/p>\",\"margin\":\"default\",\"margin_remove_top\":true}}]}],\"props\":{\"margin\":\"small\",\"margin_remove_top\":false}}]},{\"type\":\"section\",\"props\":{\"animation\":\"scale-up\",\"image_position\":\"center-center\",\"padding_remove_top\":true,\"style\":\"default\",\"title_breakpoint\":\"xl\",\"title_position\":\"top-left\",\"title_rotation\":\"left\",\"vertical_align\":\"middle\",\"width\":\"large\"},\"children\":[{\"type\":\"row\",\"children\":[{\"type\":\"column\",\"props\":{\"image_position\":\"center-center\",\"position_sticky_breakpoint\":\"m\"},\"children\":[{\"type\":\"gallery\",\"props\":{\"filter_align\":\"left\",\"filter_all\":true,\"filter_grid_breakpoint\":\"m\",\"filter_grid_width\":\"auto\",\"filter_position\":\"top\",\"filter_style\":\"tab\",\"grid_column_gap\":\"small\",\"grid_default\":\"1\",\"grid_masonry\":\"pack\",\"grid_medium\":\"3\",\"grid_parallax_justify\":false,\"grid_row_gap\":\"small\",\"grid_small\":\"2\",\"item_animation\":true,\"lightbox\":false,\"lightbox_bg_close\":true,\"link_style\":\"default\",\"link_text\":\"\",\"margin\":\"default\",\"meta_align\":\"below-title\",\"meta_element\":\"div\",\"meta_style\":\"text-meta\",\"overlay_hover\":false,\"overlay_link\":true,\"overlay_mode\":\"caption\",\"overlay_padding\":\"small\",\"overlay_position\":\"bottom-left\",\"overlay_style\":\"overlay-default\",\"overlay_transition\":\"slide-bottom\",\"show_content\":true,\"show_hover_image\":true,\"show_hover_video\":true,\"show_link\":false,\"show_meta\":true,\"show_title\":true,\"text_align\":\"center\",\"text_color\":\"light\",\"title_element\":\"h4\",\"title_hover_style\":\"reset\",\"title_link\":true},\"children\":[{\"type\":\"gallery_item\",\"props\":{\"image\":\"wp-content\\\/uploads\\\/2025\\\/04\\\/ISG_Drehtuer_2024_midk.jpg\",\"title\":\"Dreht\\u00fcre\"}},{\"type\":\"gallery_item\",\"props\":{\"image\":\"wp-content\\\/uploads\\\/2025\\\/04\\\/ISG_Pendeltuer_Griffleiste_2024_midk.jpg\",\"title\":\"Pendelt\\u00fcre\"}},{\"type\":\"gallery_item\",\"props\":{\"image\":\"wp-content\\\/uploads\\\/2025\\\/04\\\/ISG_Lichtschachtabdeckung_Ecke_aussen_2024_lowk.jpg\",\"title\":\"Lichtschachtabdeckung\"}},{\"type\":\"gallery_item\",\"props\":{\"image\":\"wp-content\\\/uploads\\\/2025\\\/04\\\/ISG_Plissee_2024_midk.jpg\",\"title\":\"Insektenschutz-Plissee\"}},{\"type\":\"gallery_item\",\"props\":{\"image\":\"wp-content\\\/uploads\\\/2025\\\/04\\\/Insektenschutz-Rollok.jpg\",\"title\":\"Insektenschutz-Rollo\"}},{\"type\":\"gallery_item\",\"props\":{\"image\":\"wp-content\\\/uploads\\\/2025\\\/04\\\/Insektenschutz-Schiebeanlage-2k.jpg\",\"title\":\"Insektenschutz-Schiebeanlage\"}},{\"type\":\"gallery_item\",\"props\":{\"image\":\"wp-content\\\/uploads\\\/2025\\\/04\\\/Integrierter-Insektenschutzk.jpg\",\"title\":\"Integrierter-Insektenschutz\"}},{\"type\":\"gallery_item\",\"props\":{\"image\":\"wp-content\\\/uploads\\\/2025\\\/04\\\/ISG_Haustierklappe_2024_midk.jpg\",\"title\":\"Insektengitter mit Tierklappe\"}}]},{\"type\":\"button\",\"props\":{\"block_align\":\"center\",\"fullwidth\":true,\"grid_column_gap\":\"small\",\"grid_row_gap\":\"small\",\"margin\":\"large\",\"margin_remove_bottom\":false,\"maxwidth\":\"large\"},\"children\":[{\"type\":\"button_item\",\"props\":{\"button_style\":\"primary\",\"content\":\"Weitere Informationen\",\"dialog_layout\":\"modal\",\"dialog_offcanvas_flip\":true,\"icon\":\"info\",\"icon_align\":\"left\",\"link\":\"https:\\\/\\\/www.reflexa.de\\\/insektenschutz\\\/\"}}]}]}]}],\"name\":\"Gallerie Sonnenschutz\"},{\"type\":\"section\",\"props\":{\"image_position\":\"center-center\",\"padding_remove_bottom\":false,\"style\":\"muted\",\"title_breakpoint\":\"xl\",\"title_position\":\"top-left\",\"title_rotation\":\"left\",\"vertical_align\":\"middle\",\"width\":\"default\"},\"children\":[{\"type\":\"row\",\"props\":{\"column_gap\":\"large\"},\"children\":[{\"type\":\"column\",\"props\":{\"image_position\":\"center-center\",\"position_sticky_breakpoint\":\"m\"},\"children\":[{\"type\":\"headline\",\"props\":{\"animation\":\"none\",\"content\":\"Das macht den Unterschied\",\"margin\":\"small\",\"margin_remove_bottom\":false,\"parallax_breakpoint\":\"m\",\"parallax_easing\":\"1\",\"parallax_y\":\"0,-75\",\"text_align\":\"center\",\"text_align_breakpoint\":\"m\",\"text_align_fallback\":\"left\",\"title_element\":\"div\",\"title_style\":\"h4\"}},{\"type\":\"headline\",\"props\":{\"animation\":\"none\",\"content\":\"Insektenschutz im Einsatz\",\"margin_remove_top\":true,\"parallax_breakpoint\":\"m\",\"parallax_easing\":\"1\",\"parallax_y\":\"0,-75\",\"text_align\":\"center\",\"text_align_breakpoint\":\"m\",\"text_align_fallback\":\"left\",\"title_element\":\"h2\"}},{\"type\":\"list\",\"props\":{\"column\":\"1-3\",\"column_breakpoint\":\"m\",\"image_align\":\"left\",\"image_svg_color\":\"emphasis\",\"image_vertical_align\":false,\"list_element\":\"ul\",\"list_horizontal_separator\":\", \",\"list_type\":\"vertical\",\"margin\":\"large\",\"show_image\":true,\"show_link\":true},\"children\":[{\"type\":\"list_item\",\"props\":{\"content\":\"\n\n<h4>Robuste Qualit\\u00e4t<\\\/h4>\\nStabil und langlebig \\u2013 unsere Produkte halten selbst leichten St\\u00f6\\u00dfen stand und bieten eine lange Lebensdauer.\",\"image\":\"wp-content\\\/uploads\\\/2025\\\/03\\\/haken_vorteile.png\"}},{\"type\":\"list_item\",\"props\":{\"content\":\"\n\n<h4>Einfache Bedienung<\\\/h4>\\nKomfortabel in der Handhabung und leicht zu reinigen.\",\"image\":\"wp-content\\\/uploads\\\/2025\\\/03\\\/haken_vorteile.png\"}},{\"type\":\"list_item\",\"props\":{\"content\":\"\n\n<h4>Harmonische Integration<\\\/h4>\\nDie Rahmen k\\u00f6nnen in Ihrer Wunschfarbe ausgew\\u00e4hlt werden und f\\u00fcgen sich perfekt in Fenster und T\\u00fcren ein, um ein harmonisches Gesamtbild zu schaffen.\",\"image\":\"wp-content\\\/uploads\\\/2025\\\/03\\\/haken_vorteile.png\"}}]}]}]}]},{\"type\":\"section\",\"props\":{\"image_position\":\"center-center\",\"padding\":\"small\",\"style\":\"default\",\"title_breakpoint\":\"xl\",\"title_position\":\"top-left\",\"title_rotation\":\"left\",\"vertical_align\":\"middle\",\"width\":\"default\"},\"children\":[{\"type\":\"row\",\"children\":[{\"type\":\"column\",\"props\":{\"image_position\":\"center-center\",\"position_sticky_breakpoint\":\"m\"}}]}]}],\"version\":\"4.5.13\"} --><\/p>\n","protected":false},"excerpt":{"rendered":"<p>INSEKTENSCHUTZ Hartinger &#8211; Metallbau &#038; Schlosserei INSEKTENSCHUTZ Hartinger &#8211; Metallbau &#038; Schlosserei Funktional, unauff\u00e4llig und langlebig. Schutz vor Insekten, Schmutz und Pollen Unsere Insektenschutzl\u00f6sungen sorgen f\u00fcr ein angenehmes Wohnklima \u2013 ganz ohne l\u00e4stige Plagegeister. Das feinmaschige, nahezu transparente Gewebe h\u00e4lt Insekten zuverl\u00e4ssig fern, w\u00e4hrend Luft und Tageslicht ungehindert in die R\u00e4ume gelangen. Dank stabiler, hochwertiger [&hellip;]<\/p>\n","protected":false},"author":1,"featured_media":0,"parent":2469,"menu_order":0,"comment_status":"closed","ping_status":"closed","template":"","meta":{"_acf_changed":false,"footnotes":""},"class_list":["post-2766","page","type-page","status-publish","hentry"],"acf":[],"_links":{"self":[{"href":"https:\/\/www.metallbau-hartinger.de\/index.php?rest_route=\/wp\/v2\/pages\/2766","targetHints":{"allow":["GET"]}}],"collection":[{"href":"https:\/\/www.metallbau-hartinger.de\/index.php?rest_route=\/wp\/v2\/pages"}],"about":[{"href":"https:\/\/www.metallbau-hartinger.de\/index.php?rest_route=\/wp\/v2\/types\/page"}],"author":[{"embeddable":true,"href":"https:\/\/www.metallbau-hartinger.de\/index.php?rest_route=\/wp\/v2\/users\/1"}],"replies":[{"embeddable":true,"href":"https:\/\/www.metallbau-hartinger.de\/index.php?rest_route=%2Fwp%2Fv2%2Fcomments&post=2766"}],"version-history":[{"count":76,"href":"https:\/\/www.metallbau-hartinger.de\/index.php?rest_route=\/wp\/v2\/pages\/2766\/revisions"}],"predecessor-version":[{"id":4773,"href":"https:\/\/www.metallbau-hartinger.de\/index.php?rest_route=\/wp\/v2\/pages\/2766\/revisions\/4773"}],"up":[{"embeddable":true,"href":"https:\/\/www.metallbau-hartinger.de\/index.php?rest_route=\/wp\/v2\/pages\/2469"}],"wp:attachment":[{"href":"https:\/\/www.metallbau-hartinger.de\/index.php?rest_route=%2Fwp%2Fv2%2Fmedia&parent=2766"}],"curies":[{"name":"wp","href":"https:\/\/api.w.org\/{rel}","templated":true}]}}