{"id":2867,"date":"2025-03-19T07:20:34","date_gmt":"2025-03-19T07:20:34","guid":{"rendered":"https:\/\/www.metallbau-hartinger.de\/?page_id=2867"},"modified":"2025-04-28T09:33:55","modified_gmt":"2025-04-28T09:33:55","slug":"tresore","status":"publish","type":"page","link":"https:\/\/www.metallbau-hartinger.de\/?page_id=2867","title":{"rendered":"Tresore"},"content":{"rendered":"<ul>\n<li>\n<p>        <img decoding=\"async\" src=\"\/wp-content\/uploads\/2025\/03\/4003482403709k.jpg\" alt=\"\"><\/p>\n<h3>4003482403709k<\/h3>\n<\/li>\n<li>\n<p>        <img decoding=\"async\" src=\"\/wp-content\/uploads\/2025\/03\/4003482397404_2k.jpg\" alt=\"\"><\/p>\n<h3>4003482397404_2k<\/h3>\n<\/li>\n<li>\n<p>        <img decoding=\"async\" src=\"\/wp-content\/uploads\/2025\/03\/4003482417508k.jpg\" alt=\"\"><\/p>\n<h3>4003482417508k<\/h3>\n<\/li>\n<li>\n<p>        <img decoding=\"async\" src=\"\/wp-content\/uploads\/2025\/03\/4003482412404_3k.jpg\" alt=\"\"><\/p>\n<h3>4003482412404_3k<\/h3>\n<\/li>\n<\/ul>\n<h1>Tresore \u2013 Sicherheit f\u00fcr Wertsachen und Dokumente<\/h1>\n<div>Tresore \u2013 Sicherheit f\u00fcr Wertsachen und Dokumente<\/div>\n<div>\n<p>Ein Tresor bietet optimalen Schutz f\u00fcr Wertgegenst\u00e4nde, wichtige Dokumente und sensible Daten. Ob zu Hause, im B\u00fcro oder in Unternehmen \u2013 Tresore sorgen f\u00fcr Sicherheit vor Diebstahl, Feuer oder unbefugtem Zugriff.<\/p>\n<\/div>\n<ul>\n<li>\n<h3>Einbruchschutz-Tresore<\/h3>\n<div>\n<p>Gegen Diebstahl gesicherte Tresore mit speziellen Sicherheitsstufen.<\/p>\n<\/div>\n<\/li>\n<li>\n<h3>Feuerschutz-Tresore<\/h3>\n<div>\n<p>Sch\u00fctzen Dokumente, Datentr\u00e4ger und Wertsachen vor Feuer und Hitze.<\/p>\n<\/div>\n<\/li>\n<li>\n<h3>Wandtresore<\/h3>\n<div>\n<p>Direkt in W\u00e4nde eingelassen, um unauff\u00e4llige Sicherheit zu gew\u00e4hrleisten.<\/p>\n<\/div>\n<\/li>\n<li>\n<h3>M\u00f6beltresore<\/h3>\n<div>\n<p>In M\u00f6bel integrierbare Tresore f\u00fcr diskreten Schutz.<\/p>\n<\/div>\n<\/li>\n<li>\n<h3>Bodentresore<\/h3>\n<div>\n<p>Werden im Boden versenkt und sind besonders unauff\u00e4llig.<\/p>\n<\/div>\n<\/li>\n<li>\n<h3>Waffenschr\u00e4nke<\/h3>\n<div>\n<p>Speziell f\u00fcr die sichere Aufbewahrung von Waffen konzipiert.<\/p>\n<\/div>\n<\/li>\n<li>\n<h3>Datentresore<\/h3>\n<div>\n<p>Speziell f\u00fcr empfindliche elektronische Medien wie Festplatten oder USB-Sticks.<\/p>\n<\/div>\n<\/li>\n<\/ul>\n<ul>\n<li>\n<h3>Einbruchschutz-Tresore<\/h3>\n<div>\n<p>Gegen Diebstahl gesicherte Tresore mit speziellen Sicherheitsstufen.<\/p>\n<\/div>\n<\/li>\n<li>\n<h3>Feuerschutz-Tresore<\/h3>\n<div>\n<p>Sch\u00fctzen Dokumente, Datentr\u00e4ger und Wertsachen vor Feuer und Hitze.<\/p>\n<\/div>\n<\/li>\n<li>\n<h3>Wandtresore<\/h3>\n<div>\n<p>Direkt in W\u00e4nde eingelassen, um unauff\u00e4llige Sicherheit zu gew\u00e4hrleisten.<\/p>\n<\/div>\n<\/li>\n<li>\n<h3>M\u00f6beltresore<\/h3>\n<div>\n<p>In M\u00f6bel integrierbare Tresore f\u00fcr diskreten Schutz.<\/p>\n<\/div>\n<\/li>\n<li>\n<h3>Bodentresore<\/h3>\n<div>\n<p>Werden im Boden versenkt und sind besonders unauff\u00e4llig.<\/p>\n<\/div>\n<\/li>\n<li>\n<h3>Waffenschr\u00e4nke<\/h3>\n<div>\n<p>Speziell f\u00fcr die sichere Aufbewahrung von Waffen konzipiert.<\/p>\n<\/div>\n<\/li>\n<li>\n<h3>Datentresore<\/h3>\n<div>\n<p>Speziell f\u00fcr empfindliche elektronische Medien wie Festplatten oder USB-Sticks.<\/p>\n<\/div>\n<\/li>\n<\/ul>\n<h2>Tresore von<\/h2>\n<div>\n<p>Burg-W\u00e4chter bietet eine breite Palette an Tresoren f\u00fcr verschiedene Sicherheitsanforderungen. Die Tresore zeichnen sich durch hochwertige Verarbeitung, gepr\u00fcfte Sicherheitsstandards und moderne Schlie\u00dftechniken aus.<\/p>\n<p>Die Tresore von Burg-W\u00e4chter sind in verschiedenen Sicherheitsstufen erh\u00e4ltlich und mit mechanischen oder elektronischen Schlie\u00dfsystemen ausgestattet. Sie eignen sich sowohl f\u00fcr den privaten als auch den gewerblichen Einsatz.<\/p>\n<\/div>\n<div>\n<p>    <img decoding=\"async\" src=\"\/wp-content\/uploads\/2025\/03\/Burg-Waechter_500x500k-1.jpg\" alt=\"\"><\/p>\n<h3>Burg-Waechter_500x500k<\/h3>\n<p><a href=\"https:\/\/burg.biz\/\">mehr<\/a><\/p>\n<\/div>\n<p><!--more--><br \/>\n<!-- {\"type\":\"layout\",\"children\":[{\"type\":\"section\",\"props\":{\"html_element\":\"article\",\"image_position\":\"center-center\",\"padding\":\"small\",\"style\":\"default\",\"title_breakpoint\":\"xl\",\"title_position\":\"top-left\",\"title_rotation\":\"left\",\"vertical_align\":\"\",\"width\":\"xlarge\"},\"children\":[{\"type\":\"row\",\"props\":{\"column_gap\":\"collapse\",\"layout\":\"1-2,1-2\",\"row_gap\":\"large\"},\"children\":[{\"type\":\"column\",\"props\":{\"image_position\":\"center-center\",\"position_sticky_breakpoint\":\"m\",\"vertical_align\":\"middle\",\"width_large\":\"1-2\",\"width_medium\":\"1-2\",\"width_small\":\"1-2\",\"width_xlarge\":\"1-2\"},\"children\":[{\"type\":\"slideshow\",\"props\":{\"container_padding_remove\":true,\"height_expand\":false,\"image_height\":1200,\"image_loading\":true,\"image_width\":805,\"link_style\":\"default\",\"link_text\":\"Read more\",\"margin\":\"remove-vertical\",\"meta_align\":\"below-title\",\"meta_element\":\"div\",\"meta_style\":\"text-meta\",\"nav\":\"thumbnav\",\"nav_align\":\"center\",\"nav_breakpoint\":\"\",\"nav_position\":\"bottom-center\",\"nav_position_margin\":\"small\",\"overlay_animation\":\"parallax\",\"overlay_position\":\"center-left\",\"show_content\":true,\"show_link\":true,\"show_meta\":true,\"show_thumbnail\":true,\"show_title\":false,\"slidenav\":\"\",\"slidenav_breakpoint\":\"s\",\"slidenav_margin\":\"medium\",\"slidenav_outside_breakpoint\":\"xl\",\"slideshow_animation\":\"fade\",\"slideshow_autoplay_pause\":true,\"slideshow_height_offset_top\":false,\"slideshow_min_height\":\"\",\"slideshow_ratio\":\"16:22\",\"thumbnav_height\":\"75\",\"thumbnav_nowrap\":true,\"thumbnav_svg_color\":\"emphasis\",\"thumbnav_width\":\"100\",\"title_element\":\"h3\",\"title_hover_style\":\"reset\"},\"children\":[{\"type\":\"slideshow_item\",\"props\":{\"image\":\"wp-content\\\/uploads\\\/2025\\\/03\\\/4003482403709k.jpg\",\"title\":\"4003482403709k\"}},{\"type\":\"slideshow_item\",\"props\":{\"image\":\"wp-content\\\/uploads\\\/2025\\\/03\\\/4003482397404_2k.jpg\",\"title\":\"4003482397404_2k\"}},{\"type\":\"slideshow_item\",\"props\":{\"image\":\"wp-content\\\/uploads\\\/2025\\\/03\\\/4003482417508k.jpg\",\"title\":\"4003482417508k\"}},{\"type\":\"slideshow_item\",\"props\":{\"image\":\"wp-content\\\/uploads\\\/2025\\\/03\\\/4003482412404_3k.jpg\",\"title\":\"4003482412404_3k\"}}]}]},{\"type\":\"column\",\"props\":{\"image_position\":\"center-center\",\"position_sticky_breakpoint\":\"m\",\"style\":\"tile-default\",\"vertical_align\":\"middle\",\"width_large\":\"1-2\",\"width_medium\":\"1-2\",\"width_small\":\"1-2\",\"width_xlarge\":\"1-2\"},\"children\":[{\"type\":\"headline\",\"props\":{\"block_align\":\"center\",\"block_align_breakpoint\":\"m\",\"content\":\"Tresore \\u2013 Sicherheit f\\u00fcr Wertsachen und Dokumente\",\"margin\":\"default\",\"margin_remove_top\":false,\"maxwidth\":\"xlarge\",\"text_align\":\"left\",\"title_element\":\"h1\",\"title_style\":\"h1\",\"visibility\":\"m\"}},{\"type\":\"headline\",\"props\":{\"block_align\":\"center\",\"block_align_breakpoint\":\"m\",\"content\":\"Tresore \\u2013 Sicherheit f\\u00fcr Wertsachen und Dokumente\",\"margin\":\"default\",\"margin_remove_top\":false,\"maxwidth\":\"xlarge\",\"text_align\":\"left\",\"title_element\":\"div\",\"title_style\":\"h3\",\"visibility\":\"hidden-m\"}},{\"type\":\"text\",\"props\":{\"block_align\":\"center\",\"block_align_breakpoint\":\"m\",\"column_breakpoint\":\"m\",\"content\":\"\n\n<p>Ein Tresor bietet optimalen Schutz f\\u00fcr Wertgegenst\\u00e4nde, wichtige Dokumente und sensible Daten. Ob zu Hause, im B\\u00fcro oder in Unternehmen \\u2013 Tresore sorgen f\\u00fcr Sicherheit vor Diebstahl, Feuer oder unbefugtem Zugriff.<\\\/p>\",\"margin\":\"medium\",\"maxwidth\":\"xlarge\"}},{\"type\":\"description_list\",\"props\":{\"block_align\":\"center\",\"column\":\"1-2\",\"column_breakpoint\":\"\",\"layout\":\"stacked\",\"list_element\":\"ul\",\"list_size\":\"large\",\"margin\":\"large\",\"margin_remove_top\":true,\"maxwidth\":\"xlarge\",\"maxwidth_breakpoint\":\"m\",\"meta_align\":\"below-content\",\"meta_style\":\"text-meta\",\"show_content\":true,\"show_link\":true,\"show_meta\":true,\"show_title\":true,\"title_colon\":true,\"title_element\":\"div\",\"title_grid_column_gap\":\"small\",\"title_grid_row_gap\":\"collapse\",\"title_grid_width\":\"small\",\"title_style\":\"text-meta\",\"visibility\":\"l\"},\"children\":[{\"type\":\"description_list_item\",\"props\":{\"_condition\":true,\"content\":\"\n\n<p>Gegen Diebstahl gesicherte Tresore mit speziellen Sicherheitsstufen.<\\\/p>\",\"title\":\"Einbruchschutz-Tresore\"}},{\"type\":\"description_list_item\",\"props\":{\"_condition\":true,\"content\":\"\n\n<p>Sch\\u00fctzen Dokumente, Datentr\\u00e4ger und Wertsachen vor Feuer und Hitze.<\\\/p>\",\"title\":\"Feuerschutz-Tresore\"}},{\"type\":\"description_list_item\",\"props\":{\"_condition\":true,\"content\":\"\n\n<p>Direkt in W\\u00e4nde eingelassen, um unauff\\u00e4llige Sicherheit zu gew\\u00e4hrleisten.<\\\/p>\",\"title\":\"Wandtresore\"}},{\"type\":\"description_list_item\",\"props\":{\"_condition\":true,\"content\":\"\n\n<p>In M\\u00f6bel integrierbare Tresore f\\u00fcr diskreten Schutz.<\\\/p>\",\"title\":\"M\\u00f6beltresore\"}},{\"type\":\"description_list_item\",\"props\":{\"_condition\":true,\"content\":\"\n\n<p>Werden im Boden versenkt und sind besonders unauff\\u00e4llig.<\\\/p>\",\"title\":\"Bodentresore\"}},{\"type\":\"description_list_item\",\"props\":{\"_condition\":true,\"content\":\"\n\n<p>Speziell f\\u00fcr die sichere Aufbewahrung von Waffen konzipiert.<\\\/p>\",\"title\":\"Waffenschr\\u00e4nke\"}},{\"type\":\"description_list_item\",\"props\":{\"_condition\":true,\"content\":\"\n\n<p>Speziell f\\u00fcr empfindliche elektronische Medien wie Festplatten oder USB-Sticks.<\\\/p>\",\"title\":\"Datentresore\"}}]}]}]},{\"type\":\"row\",\"props\":{\"margin\":\"default\"},\"children\":[{\"type\":\"column\",\"props\":{\"image_position\":\"center-center\",\"position_sticky_breakpoint\":\"m\"},\"children\":[{\"type\":\"description_list\",\"props\":{\"block_align\":\"center\",\"column\":\"1-2\",\"column_breakpoint\":\"\",\"layout\":\"stacked\",\"list_element\":\"ul\",\"list_size\":\"large\",\"margin\":\"large\",\"margin_remove_top\":true,\"maxwidth_breakpoint\":\"m\",\"meta_align\":\"below-content\",\"meta_style\":\"text-meta\",\"show_content\":true,\"show_link\":true,\"show_meta\":true,\"show_title\":true,\"title_colon\":true,\"title_element\":\"div\",\"title_grid_column_gap\":\"small\",\"title_grid_row_gap\":\"collapse\",\"title_grid_width\":\"small\",\"title_style\":\"text-meta\",\"visibility\":\"hidden-l\"},\"children\":[{\"type\":\"description_list_item\",\"props\":{\"_condition\":true,\"content\":\"\n\n<p>Gegen Diebstahl gesicherte Tresore mit speziellen Sicherheitsstufen.<\\\/p>\",\"title\":\"Einbruchschutz-Tresore\"}},{\"type\":\"description_list_item\",\"props\":{\"_condition\":true,\"content\":\"\n\n<p>Sch\\u00fctzen Dokumente, Datentr\\u00e4ger und Wertsachen vor Feuer und Hitze.<\\\/p>\",\"title\":\"Feuerschutz-Tresore\"}},{\"type\":\"description_list_item\",\"props\":{\"_condition\":true,\"content\":\"\n\n<p>Direkt in W\\u00e4nde eingelassen, um unauff\\u00e4llige Sicherheit zu gew\\u00e4hrleisten.<\\\/p>\",\"title\":\"Wandtresore\"}},{\"type\":\"description_list_item\",\"props\":{\"_condition\":true,\"content\":\"\n\n<p>In M\\u00f6bel integrierbare Tresore f\\u00fcr diskreten Schutz.<\\\/p>\",\"title\":\"M\\u00f6beltresore\"}},{\"type\":\"description_list_item\",\"props\":{\"_condition\":true,\"content\":\"\n\n<p>Werden im Boden versenkt und sind besonders unauff\\u00e4llig.<\\\/p>\",\"title\":\"Bodentresore\"}},{\"type\":\"description_list_item\",\"props\":{\"_condition\":true,\"content\":\"\n\n<p>Speziell f\\u00fcr die sichere Aufbewahrung von Waffen konzipiert.<\\\/p>\",\"title\":\"Waffenschr\\u00e4nke\"}},{\"type\":\"description_list_item\",\"props\":{\"_condition\":true,\"content\":\"\n\n<p>Speziell f\\u00fcr empfindliche elektronische Medien wie Festplatten oder USB-Sticks.<\\\/p>\",\"title\":\"Datentresore\"}}]}]}]},{\"type\":\"row\",\"props\":{\"layout\":\"3-5,2-5\",\"margin\":\"large\",\"width\":\"default\"},\"children\":[{\"type\":\"column\",\"props\":{\"image_position\":\"center-center\",\"position_sticky_breakpoint\":\"m\",\"style\":\"tile-secondary\",\"width_medium\":\"3-5\",\"width_small\":\"2-3\"},\"children\":[{\"type\":\"headline\",\"props\":{\"content\":\"Tresore von\",\"title_element\":\"h2\"}},{\"type\":\"text\",\"props\":{\"column_breakpoint\":\"m\",\"content\":\"\n\n<p>Burg-W\\u00e4chter bietet eine breite Palette an Tresoren f\\u00fcr verschiedene Sicherheitsanforderungen. Die Tresore zeichnen sich durch hochwertige Verarbeitung, gepr\\u00fcfte Sicherheitsstandards und moderne Schlie\\u00dftechniken aus.<\\\/p>\\n\n\n<p>Die Tresore von Burg-W\\u00e4chter sind in verschiedenen Sicherheitsstufen erh\\u00e4ltlich und mit mechanischen oder elektronischen Schlie\\u00dfsystemen ausgestattet. Sie eignen sich sowohl f\\u00fcr den privaten als auch den gewerblichen Einsatz.<\\\/p>\",\"margin\":\"default\"}}]},{\"type\":\"column\",\"props\":{\"image_position\":\"center-center\",\"position_sticky_breakpoint\":\"m\",\"vertical_align\":\"middle\",\"width_medium\":\"2-5\",\"width_small\":\"1-3\"},\"children\":[{\"type\":\"gallery\",\"props\":{\"filter_align\":\"left\",\"filter_all\":true,\"filter_grid_breakpoint\":\"m\",\"filter_grid_width\":\"auto\",\"filter_position\":\"top\",\"filter_style\":\"tab\",\"grid_default\":\"1\",\"grid_medium\":\"1\",\"image_transition\":\"scale-up\",\"item_animation\":true,\"lightbox\":false,\"lightbox_bg_close\":true,\"link_style\":\"default\",\"link_target\":true,\"link_text\":\"mehr\",\"margin\":\"default\",\"meta_align\":\"below-title\",\"meta_element\":\"div\",\"meta_style\":\"text-meta\",\"overlay_hover\":true,\"overlay_link\":false,\"overlay_mode\":\"cover\",\"overlay_position\":\"center\",\"overlay_style\":\"overlay-default\",\"overlay_transition\":\"fade\",\"show_content\":true,\"show_hover_image\":true,\"show_hover_video\":true,\"show_link\":true,\"show_meta\":true,\"show_title\":false,\"text_align\":\"center\",\"text_color\":\"light\",\"title_element\":\"h3\",\"title_hover_style\":\"reset\"},\"children\":[{\"type\":\"gallery_item\",\"props\":{\"image\":\"wp-content\\\/uploads\\\/2025\\\/03\\\/Burg-Waechter_500x500k-1.jpg\",\"link\":\"https:\\\/\\\/burg.biz\\\/\",\"title\":\"Burg-Waechter_500x500k\"}}]}]}]}],\"name\":\"Product\"}],\"version\":\"4.5.13\"} --><\/p>\n","protected":false},"excerpt":{"rendered":"<p>4003482403709k 4003482397404_2k 4003482417508k 4003482412404_3k Tresore \u2013 Sicherheit f\u00fcr Wertsachen und Dokumente Tresore \u2013 Sicherheit f\u00fcr Wertsachen und Dokumente Ein Tresor bietet optimalen Schutz f\u00fcr Wertgegenst\u00e4nde, wichtige Dokumente und sensible Daten. Ob zu Hause, im B\u00fcro oder in Unternehmen \u2013 Tresore sorgen f\u00fcr Sicherheit vor Diebstahl, Feuer oder unbefugtem Zugriff. Einbruchschutz-Tresore Gegen Diebstahl gesicherte Tresore mit [&hellip;]<\/p>\n","protected":false},"author":1,"featured_media":0,"parent":12,"menu_order":0,"comment_status":"closed","ping_status":"closed","template":"","meta":{"_acf_changed":false,"footnotes":""},"class_list":["post-2867","page","type-page","status-publish","hentry"],"acf":[],"_links":{"self":[{"href":"https:\/\/www.metallbau-hartinger.de\/index.php?rest_route=\/wp\/v2\/pages\/2867","targetHints":{"allow":["GET"]}}],"collection":[{"href":"https:\/\/www.metallbau-hartinger.de\/index.php?rest_route=\/wp\/v2\/pages"}],"about":[{"href":"https:\/\/www.metallbau-hartinger.de\/index.php?rest_route=\/wp\/v2\/types\/page"}],"author":[{"embeddable":true,"href":"https:\/\/www.metallbau-hartinger.de\/index.php?rest_route=\/wp\/v2\/users\/1"}],"replies":[{"embeddable":true,"href":"https:\/\/www.metallbau-hartinger.de\/index.php?rest_route=%2Fwp%2Fv2%2Fcomments&post=2867"}],"version-history":[{"count":84,"href":"https:\/\/www.metallbau-hartinger.de\/index.php?rest_route=\/wp\/v2\/pages\/2867\/revisions"}],"predecessor-version":[{"id":4835,"href":"https:\/\/www.metallbau-hartinger.de\/index.php?rest_route=\/wp\/v2\/pages\/2867\/revisions\/4835"}],"up":[{"embeddable":true,"href":"https:\/\/www.metallbau-hartinger.de\/index.php?rest_route=\/wp\/v2\/pages\/12"}],"wp:attachment":[{"href":"https:\/\/www.metallbau-hartinger.de\/index.php?rest_route=%2Fwp%2Fv2%2Fmedia&parent=2867"}],"curies":[{"name":"wp","href":"https:\/\/api.w.org\/{rel}","templated":true}]}}