{"id":3160,"date":"2025-03-19T12:54:31","date_gmt":"2025-03-19T12:54:31","guid":{"rendered":"https:\/\/www.metallbau-hartinger.de\/?page_id=3160"},"modified":"2025-04-28T08:58:04","modified_gmt":"2025-04-28T08:58:04","slug":"schluesseldienst-24-7","status":"publish","type":"page","link":"https:\/\/www.metallbau-hartinger.de\/?page_id=3160","title":{"rendered":"Schl\u00fcsseldienst 24\/7"},"content":{"rendered":"<div>\n<p>    <img decoding=\"async\" src=\"\/wp-content\/uploads\/2025\/03\/shutterstock_397225525_2560x1200k.jpg\" alt=\"T\u00fcren, Hartinger - Metallbau &#038; Schlosserei\"><\/p>\n<div>Immer f\u00fcr Sie da<\/div>\n<p>24 Stunden 7 Tage die Woche<\/p>\n<\/div>\n<div>\n<p>    <img decoding=\"async\" src=\"\/wp-content\/uploads\/2025\/03\/shutterstock_397225525_2560x1200k.jpg\" alt=\"Schl\u00fcsseldienst 24\/7, Hartinger - Metallbau &#038; Schlosserei\"><\/p>\n<div>IMMER F\u00dcR SIE DA<\/div>\n<p>24 Stunden 7 Tage die Woche<\/p>\n<\/div>\n<h2>Schl\u00fcsselnotdienst in Wangen<\/h2>\n<h2>24\/7 f\u00fcr Sie da<\/h2>\n<div>\n<p>Unser Schl\u00fcsselnotdienst in Wangen und Umgebung (Umkreis 25 km) ist rund um die Uhr f\u00fcr Sie da \u2013 auch an Wochenenden und Feiertagen. Ob zugefallene T\u00fcr, verlorener oder abgebrochener Schl\u00fcssel \u2013 wir helfen Ihnen schnell und zuverl\u00e4ssig. Unsere geschulten Fachkr\u00e4fte \u00f6ffnen T\u00fcren professionell und in den meisten F\u00e4llen besch\u00e4digungsfrei. Transparente Preise und faire Konditionen sind f\u00fcr uns selbstverst\u00e4ndlich. Wir sind in Wangen im Allg\u00e4u sowie in den umliegenden Orten wie Ravensburg, Isny oder Leutkirch schnell vor Ort. Rufen Sie uns an \u2013 wir helfen Ihnen sofort!<\/p>\n<\/div>\n<ul>\n<li>\n<p>        <img decoding=\"async\" src=\"\/wp-content\/uploads\/2025\/03\/aufz_key_blau.png\" alt=\"\"><\/p>\n<div>24 Stunden Notdienst bis 25 km<\/div>\n<\/li>\n<li>\n<p>        <img decoding=\"async\" src=\"\/wp-content\/uploads\/2025\/03\/aufz_key_blau.png\" alt=\"\"><\/p>\n<div>Nachschl\u00fcssel, Schlie\u00dfanlagen-, M\u00f6bel-, Tresorschl\u00fcssel<\/div>\n<\/li>\n<li>\n<p>        <img decoding=\"async\" src=\"\/wp-content\/uploads\/2025\/03\/aufz_key_blau.png\" alt=\"\"><\/p>\n<div>Schl\u00fcsselkopien in wenigen Minuten<\/div>\n<\/li>\n<li>\n<p>        <img decoding=\"async\" src=\"\/wp-content\/uploads\/2025\/03\/aufz_key_blau.png\" alt=\"\"><\/p>\n<div>Erneuerung defekter Schl\u00fcssel<\/div>\n<\/li>\n<\/ul>\n<div>\n<p>    <img decoding=\"async\" src=\"\/wp-content\/uploads\/2025\/03\/flat-212l9255-high-resolutionk.jpg\" alt=\"\"><\/p>\n<h3>Home About<\/h3>\n<\/div>\n<p><img decoding=\"async\" src=\"\/wp-content\/uploads\/2025\/03\/flat-212l9255-high-resolutionk.jpg\" alt=\"\"><br \/>\n<img decoding=\"async\" src=\"\/wp-content\/uploads\/2025\/03\/tim-silca-logo_k.png\" alt=\"\"><br \/>\n<img decoding=\"async\" src=\"\/wp-content\/uploads\/2025\/03\/tim-silca-logo_k.png\" alt=\"\"><br \/>\n<img decoding=\"async\" src=\"\/wp-content\/uploads\/2025\/04\/tif-001-futura-pro-high-resolutionk.jpg\" alt=\"\"><\/p>\n<h2>Futura Pro<\/h2>\n<h2>F\u00fcr alle Arten von Wohnungsschl\u00fcsseln<\/h2>\n<div>\n<p>Futura Pro ist die einzige elektronische Schl\u00fcsselschneidmaschine, die alle Arten von Wohnungsschl\u00fcsseln duplizieren kann.<\/p>\n<p>Mit zwei Schneidstationen in einem benutzerfreundlichen Ger\u00e4t ist die Futura Pro ein echtes Multitalent unter den elektronischen Schl\u00fcsselschneidmaschinen. Dank softwaregef\u00fchrter Abl\u00e4ufe eignet sie sich perfekt f\u00fcr Einsteiger \u2013 und mit ihrem leichten, kompakten Design ist sie ebenso ideal f\u00fcr professionelle Schl\u00fcsseldienste mit mobilem Einsatz. Jetzt noch schneller als zuvor, \u00fcberzeugt die Futura Pro durch pr\u00e4zise Schnitte, minimale Stellfl\u00e4che und den Zugriff auf die gr\u00f6\u00dfte Schl\u00fcsseldatenbank am Markt \u2013 direkt \u00fcber das integrierte Tablet.<\/p>\n<\/div>\n<p><img decoding=\"async\" src=\"\/wp-content\/uploads\/2025\/03\/tif-006-omnia-max-high-resolutionk.jpg\" alt=\"\"><br \/>\n<img decoding=\"async\" src=\"\/wp-content\/uploads\/2025\/03\/tim-silca-logo_k.png\" alt=\"\"><\/p>\n<h2>Omnia Max<\/h2>\n<h2>Tresor-Schl\u00fcsselkopiermaschine<\/h2>\n<div>\n<p>Omnia 650rpm ist die professionelle mechanische Schl\u00fcsselkopiermaschine zum Kopieren von Bart- und Doppelbartschl\u00fcsseln (m\u00e4nnlich und weiblich), Pumpen- und Zentralstoppschl\u00fcsseln. Die Omnia 650rpm verf\u00fcgt \u00fcber eine Geschwindigkeit von 650 U\/min und ist ideal f\u00fcr das schnelle erstellen und gravieren von individuellen Schl\u00fcsseln.<\/p>\n<\/div>\n<h2>Mehr sehen?<\/h2>\n<p><p>\n        <a href=\"https:\/\/www.youtube.com\/watch?v=xarAHqosq_4\">ganzes Video<\/a>\n    <\/p>\n<\/p>\n<p><!--more--><br \/>\n<!-- {\"type\":\"layout\",\"children\":[{\"type\":\"section\",\"props\":{\"header_transparent\":true,\"header_transparent_noplaceholder\":true,\"image_position\":\"center-center\",\"padding_remove_bottom\":true,\"padding_remove_top\":true,\"style\":\"default\",\"title_breakpoint\":\"xl\",\"title_position\":\"top-left\",\"title_rotation\":\"left\",\"vertical_align\":\"middle\",\"width\":\"\"},\"children\":[{\"type\":\"row\",\"children\":[{\"type\":\"column\",\"props\":{\"image_position\":\"center-center\",\"position_sticky_breakpoint\":\"m\"},\"children\":[{\"type\":\"slideshow\",\"props\":{\"animation\":\"parallax\",\"content_expand\":false,\"link_style\":\"default\",\"link_text\":\"Read more\",\"margin\":\"default\",\"meta_align\":\"below-title\",\"meta_element\":\"div\",\"meta_style\":\"h4\",\"nav\":\"\",\"nav_align\":\"center\",\"nav_breakpoint\":\"s\",\"nav_position\":\"bottom-center\",\"nav_position_margin\":\"medium\",\"overlay_animation\":\"parallax\",\"overlay_margin\":\"large\",\"overlay_parallax_x\":\"40\",\"overlay_position\":\"center\",\"parallax_opacity\":\"0.2\",\"parallax_scale\":\"0.9\",\"show_content\":true,\"show_link\":true,\"show_meta\":true,\"show_thumbnail\":true,\"show_title\":true,\"slidenav\":\"default\",\"slidenav_breakpoint\":\"s\",\"slidenav_hover\":false,\"slidenav_large\":true,\"slidenav_margin\":\"medium\",\"slidenav_outside_breakpoint\":\"xl\",\"slideshow_autoplay_pause\":true,\"slideshow_min_height\":300,\"slideshow_ratio\":\"16:7\",\"text_align\":\"center\",\"thumbnav_height\":\"75\",\"thumbnav_svg_color\":\"emphasis\",\"thumbnav_width\":\"100\",\"title_element\":\"div\",\"title_hover_style\":\"reset\",\"title_style\":\"heading-large\",\"visibility\":\"m\"},\"children\":[{\"type\":\"slideshow_item\",\"props\":{\"content\":\"\",\"image\":\"wp-content\\\/uploads\\\/2025\\\/03\\\/shutterstock_397225525_2560x1200k.jpg\",\"image_alt\":\"T\\u00fcren, Hartinger - Metallbau & Schlosserei\",\"media_overlay\":\"rgba(0, 0, 0, 0.26)\",\"meta\":\"24 Stunden 7 Tage die Woche\",\"text_color\":\"light\",\"title\":\"Immer f\\u00fcr Sie da\"}}]}]}]}],\"name\":\"slideshow gro\\u00df NEU\"},{\"type\":\"section\",\"props\":{\"header_transparent\":false,\"image_position\":\"center-center\",\"padding\":\"large\",\"padding_remove_bottom\":true,\"padding_remove_top\":false,\"style\":\"default\",\"title_breakpoint\":\"xl\",\"title_position\":\"top-left\",\"title_rotation\":\"left\",\"vertical_align\":\"middle\",\"width\":\"\"},\"children\":[{\"type\":\"row\",\"children\":[{\"type\":\"column\",\"props\":{\"image_position\":\"center-center\",\"position_sticky_breakpoint\":\"m\"},\"children\":[{\"type\":\"slideshow\",\"props\":{\"animation\":\"parallax\",\"content_expand\":false,\"link_style\":\"default\",\"link_text\":\"Read more\",\"margin\":\"default\",\"meta_align\":\"below-title\",\"meta_element\":\"div\",\"meta_margin\":\"small\",\"meta_style\":\"h4\",\"nav\":\"\",\"nav_align\":\"center\",\"nav_breakpoint\":\"s\",\"nav_position\":\"bottom-center\",\"nav_position_margin\":\"medium\",\"overlay_animation\":\"parallax\",\"overlay_position\":\"center\",\"parallax_opacity\":\"0.2\",\"parallax_scale\":\"0.9\",\"show_content\":true,\"show_link\":true,\"show_meta\":true,\"show_thumbnail\":true,\"show_title\":true,\"slidenav\":\"default\",\"slidenav_breakpoint\":\"s\",\"slidenav_hover\":false,\"slidenav_large\":true,\"slidenav_margin\":\"medium\",\"slidenav_outside_breakpoint\":\"xl\",\"slideshow_autoplay_pause\":true,\"slideshow_min_height\":300,\"slideshow_ratio\":\"16:7\",\"text_align\":\"center\",\"thumbnav_height\":\"75\",\"thumbnav_svg_color\":\"emphasis\",\"thumbnav_width\":\"100\",\"title_element\":\"div\",\"title_hover_style\":\"reset\",\"title_style\":\"h3\",\"visibility\":\"hidden-m\"},\"children\":[{\"type\":\"slideshow_item\",\"props\":{\"content\":\"\",\"image\":\"wp-content\\\/uploads\\\/2025\\\/03\\\/shutterstock_397225525_2560x1200k.jpg\",\"image_alt\":\"Schl\\u00fcsseldienst 24\\\/7, Hartinger - Metallbau & Schlosserei\",\"media_overlay\":\"rgba(0, 0, 0, 0.26)\",\"meta\":\"24 Stunden 7 Tage die Woche\",\"text_color\":\"light\",\"title\":\"IMMER F\\u00dcR SIE DA\"}}]}]}]}],\"name\":\"slideshow klein mit Text\"},{\"type\":\"section\",\"props\":{\"image_position\":\"center-center\",\"padding_remove_bottom\":true,\"padding_remove_top\":false,\"style\":\"default\",\"title_breakpoint\":\"xl\",\"title_position\":\"top-left\",\"title_rotation\":\"left\",\"vertical_align\":\"\",\"width\":\"default\"},\"children\":[{\"type\":\"row\",\"props\":{\"column_gap\":\"large\",\"divider\":false,\"layout\":\"2-3,1-3\",\"row_gap\":\"small\"},\"children\":[{\"type\":\"column\",\"props\":{\"image_position\":\"center-center\",\"position_sticky_breakpoint\":\"m\",\"width_medium\":\"2-3\"},\"children\":[{\"type\":\"headline\",\"props\":{\"block_align_breakpoint\":\"s\",\"block_align_fallback\":\"center\",\"content\":\"Schl\\u00fcsselnotdienst in Wangen\",\"margin\":\"medium\",\"margin_remove_bottom\":true,\"margin_remove_top\":true,\"maxwidth\":\"xlarge\",\"text_align\":\"left\",\"text_align_fallback\":\"center\",\"title_element\":\"h2\"}},{\"type\":\"headline\",\"props\":{\"content\":\"24\\\/7 f\\u00fcr Sie da\",\"margin_remove_bottom\":false,\"margin_remove_top\":true,\"text_align\":\"left\",\"text_align_fallback\":\"center\",\"title_element\":\"h2\",\"title_style\":\"h4\"}},{\"type\":\"text\",\"props\":{\"block_align_breakpoint\":\"m\",\"block_align_fallback\":\"center\",\"column_breakpoint\":\"m\",\"content\":\"\n\n<p>Unser Schl\\u00fcsselnotdienst in Wangen und Umgebung (Umkreis 25 km) ist rund um die Uhr f\\u00fcr Sie da \\u2013 auch an Wochenenden und Feiertagen. Ob zugefallene T\\u00fcr, verlorener oder abgebrochener Schl\\u00fcssel \\u2013 wir helfen Ihnen schnell und zuverl\\u00e4ssig. Unsere geschulten Fachkr\\u00e4fte \\u00f6ffnen T\\u00fcren professionell und in den meisten F\\u00e4llen besch\\u00e4digungsfrei. Transparente Preise und faire Konditionen sind f\\u00fcr uns selbstverst\\u00e4ndlich. Wir sind in Wangen im Allg\\u00e4u sowie in den umliegenden Orten wie Ravensburg, Isny oder Leutkirch schnell vor Ort. Rufen Sie uns an \\u2013 wir helfen Ihnen sofort!<\\\/p>\",\"margin\":\"medium\",\"margin_remove_top\":true,\"maxwidth\":\"2xlarge\",\"maxwidth_breakpoint\":\"m\",\"text_align\":\"left\"}},{\"type\":\"list\",\"props\":{\"animation\":\"none\",\"column\":\"1-2\",\"column_breakpoint\":\"m\",\"image_align\":\"left\",\"image_svg_color\":\"emphasis\",\"image_vertical_align\":true,\"image_width\":30,\"list_element\":\"ul\",\"list_horizontal_separator\":\", \",\"list_type\":\"vertical\",\"position_top\":\"-110\",\"show_image\":true,\"show_link\":true},\"children\":[{\"type\":\"list_item\",\"props\":{\"content\":\"24 Stunden Notdienst bis 25 km\",\"image\":\"wp-content\\\/uploads\\\/2025\\\/03\\\/aufz_key_blau.png\"}},{\"type\":\"list_item\",\"props\":{\"content\":\"Nachschl\\u00fcssel, Schlie\\u00dfanlagen-, M\\u00f6bel-, Tresorschl\\u00fcssel\",\"image\":\"wp-content\\\/uploads\\\/2025\\\/03\\\/aufz_key_blau.png\"}},{\"type\":\"list_item\",\"props\":{\"content\":\"Schl\\u00fcsselkopien in wenigen Minuten\",\"image\":\"wp-content\\\/uploads\\\/2025\\\/03\\\/aufz_key_blau.png\"}},{\"type\":\"list_item\",\"props\":{\"content\":\"Erneuerung defekter Schl\\u00fcssel\",\"image\":\"wp-content\\\/uploads\\\/2025\\\/03\\\/aufz_key_blau.png\"}}]},{\"type\":\"grid\",\"props\":{\"content_column_breakpoint\":\"m\",\"filter_align\":\"left\",\"filter_all\":true,\"filter_grid_breakpoint\":\"m\",\"filter_grid_width\":\"auto\",\"filter_position\":\"top\",\"filter_style\":\"tab\",\"grid_column_gap\":\"small\",\"grid_default\":\"1\",\"grid_medium\":\"\",\"grid_row_gap\":\"small\",\"grid_small\":\"1\",\"icon_width\":80,\"image_align\":\"top\",\"image_grid_breakpoint\":\"m\",\"image_grid_width\":\"1-2\",\"image_height\":\"795\",\"image_loading\":true,\"image_svg_color\":\"emphasis\",\"image_width\":\"610\",\"item_animation\":true,\"lightbox_bg_close\":true,\"link_style\":\"default\",\"link_text\":\"Read more\",\"margin\":\"default\",\"meta_align\":\"below-title\",\"meta_element\":\"div\",\"meta_style\":\"text-meta\",\"parallax_easing\":\"1\",\"show_content\":true,\"show_hover_image\":true,\"show_hover_video\":true,\"show_image\":true,\"show_link\":true,\"show_meta\":true,\"show_title\":false,\"show_video\":true,\"title_align\":\"top\",\"title_element\":\"h3\",\"title_grid_breakpoint\":\"m\",\"title_grid_width\":\"1-2\",\"title_hover_style\":\"reset\",\"visibility\":\"hidden-m\"},\"children\":[{\"type\":\"grid_item\",\"props\":{\"image\":\"wp-content\\\/uploads\\\/2025\\\/03\\\/flat-212l9255-high-resolutionk.jpg\",\"title\":\"Home About\"}}]}]},{\"type\":\"column\",\"props\":{\"image_position\":\"center-center\",\"position_sticky_breakpoint\":\"m\",\"width_medium\":\"1-3\"},\"children\":[{\"type\":\"image\",\"props\":{\"image\":\"wp-content\\\/uploads\\\/2025\\\/03\\\/flat-212l9255-high-resolutionk.jpg\",\"image_loading\":true,\"image_svg_color\":\"emphasis\",\"image_width\":\"610\",\"margin\":\"xlarge\",\"margin_remove_top\":false,\"visibility\":\"m\"}},{\"type\":\"image\",\"props\":{\"animation\":\"parallax\",\"css\":\".el-image { max-width:  15vw; }\",\"image\":\"wp-content\\\/uploads\\\/2025\\\/03\\\/tim-silca-logo_k.png\",\"image_svg_color\":\"emphasis\",\"image_width\":180,\"margin\":\"default\",\"parallax_easing\":\"1\",\"parallax_y\":\"8vh,0\",\"position\":\"absolute\",\"position_left\":\"-1vw\",\"position_top\":\"38vh\",\"position_z_index\":\"1\",\"text_align\":\"right\",\"visibility\":\"l\"}},{\"type\":\"image\",\"props\":{\"animation\":\"parallax\",\"image\":\"wp-content\\\/uploads\\\/2025\\\/03\\\/tim-silca-logo_k.png\",\"image_svg_color\":\"emphasis\",\"image_svg_inline\":true,\"image_width\":220,\"margin\":\"\",\"margin_remove_bottom\":true,\"parallax_y\":\"70\",\"position\":\"relative\",\"position_left\":\"-90\",\"position_top\":\"-100\",\"text_align\":\"left\",\"text_align_breakpoint\":\"m\",\"text_align_fallback\":\"center\",\"visibility\":\"hidden-m\"}}]}]}],\"name\":\"About\"},{\"type\":\"section\",\"props\":{\"image_position\":\"center-center\",\"padding_remove_bottom\":false,\"style\":\"secondary\",\"title_breakpoint\":\"xl\",\"title_position\":\"top-left\",\"title_rotation\":\"left\",\"vertical_align\":\"\",\"width\":\"default\"},\"children\":[{\"type\":\"row\",\"props\":{\"column_gap\":\"large\",\"divider\":false,\"layout\":\"2-5,3-5\",\"row_gap\":\"small\"},\"children\":[{\"type\":\"column\",\"props\":{\"image_position\":\"center-center\",\"position_sticky_breakpoint\":\"m\",\"width_medium\":\"2-5\"},\"children\":[{\"type\":\"image\",\"props\":{\"image\":\"wp-content\\\/uploads\\\/2025\\\/04\\\/tif-001-futura-pro-high-resolutionk.jpg\",\"image_height\":700,\"image_loading\":true,\"image_svg_color\":\"emphasis\",\"image_width\":\"610\",\"margin\":\"xlarge\",\"margin_remove_top\":false}}]},{\"type\":\"column\",\"props\":{\"image_position\":\"center-center\",\"position_sticky_breakpoint\":\"m\",\"width_medium\":\"3-5\"},\"children\":[{\"type\":\"headline\",\"props\":{\"block_align_breakpoint\":\"s\",\"block_align_fallback\":\"center\",\"content\":\"Futura Pro\",\"margin\":\"medium\",\"margin_remove_bottom\":true,\"margin_remove_top\":true,\"maxwidth\":\"xlarge\",\"text_align\":\"left\",\"text_align_breakpoint\":\"s\",\"text_align_fallback\":\"center\",\"title_element\":\"h2\"}},{\"type\":\"headline\",\"props\":{\"content\":\"F\\u00fcr alle Arten von Wohnungsschl\\u00fcsseln\",\"margin_remove_bottom\":false,\"margin_remove_top\":true,\"text_align\":\"left\",\"text_align_breakpoint\":\"s\",\"text_align_fallback\":\"center\",\"title_element\":\"h2\",\"title_style\":\"h4\"}},{\"type\":\"text\",\"props\":{\"block_align_breakpoint\":\"m\",\"block_align_fallback\":\"center\",\"column_breakpoint\":\"m\",\"content\":\"\n\n<p>Futura Pro ist die einzige elektronische Schl\\u00fcsselschneidmaschine, die alle Arten von Wohnungsschl\\u00fcsseln duplizieren kann.<\\\/p>\\n\n\n<p>Mit zwei Schneidstationen in einem benutzerfreundlichen Ger\\u00e4t ist die Futura Pro ein echtes Multitalent unter den elektronischen Schl\\u00fcsselschneidmaschinen. Dank softwaregef\\u00fchrter Abl\\u00e4ufe eignet sie sich perfekt f\\u00fcr Einsteiger \\u2013 und mit ihrem leichten, kompakten Design ist sie ebenso ideal f\\u00fcr professionelle Schl\\u00fcsseldienste mit mobilem Einsatz. Jetzt noch schneller als zuvor, \\u00fcberzeugt die Futura Pro durch pr\\u00e4zise Schnitte, minimale Stellfl\\u00e4che und den Zugriff auf die gr\\u00f6\\u00dfte Schl\\u00fcsseldatenbank am Markt \\u2013 direkt \\u00fcber das integrierte Tablet.<\\\/p>\",\"margin\":\"default\",\"margin_remove_top\":false,\"maxwidth\":\"2xlarge\",\"maxwidth_breakpoint\":\"m\",\"text_align\":\"left\"}}]}]}],\"name\":\"About\"},{\"type\":\"section\",\"props\":{\"image_position\":\"center-center\",\"style\":\"default\",\"title_breakpoint\":\"xl\",\"title_position\":\"top-left\",\"title_rotation\":\"left\",\"vertical_align\":\"\",\"width\":\"default\"},\"children\":[{\"type\":\"row\",\"props\":{\"column_gap\":\"large\",\"divider\":false,\"layout\":\"1-2,1-2\",\"row_gap\":\"small\"},\"children\":[{\"type\":\"column\",\"props\":{\"image_position\":\"center-center\",\"position_sticky_breakpoint\":\"m\",\"width_medium\":\"1-2\"},\"children\":[{\"type\":\"image\",\"props\":{\"image\":\"wp-content\\\/uploads\\\/2025\\\/03\\\/tif-006-omnia-max-high-resolutionk.jpg\",\"image_svg_color\":\"emphasis\",\"image_width\":500,\"margin\":\"default\"}},{\"type\":\"image\",\"props\":{\"animation\":\"parallax\",\"css\":\".el-image { \\n    min-width: 120px;\\n    max-width: 18vw;\\n}\",\"image\":\"wp-content\\\/uploads\\\/2025\\\/03\\\/tim-silca-logo_k.png\",\"image_svg_color\":\"emphasis\",\"image_width\":180,\"margin\":\"default\",\"parallax_easing\":\"1\",\"parallax_y\":\"4vh,-20vh\",\"position\":\"absolute\",\"position_bottom\":\"6vh\",\"position_left\":\"-2vh\",\"position_z_index\":\"1\",\"visibility\":\"l\"}}]},{\"type\":\"column\",\"props\":{\"image_position\":\"center-center\",\"position_sticky_breakpoint\":\"m\",\"vertical_align\":\"middle\",\"width_medium\":\"1-2\"},\"children\":[{\"type\":\"headline\",\"props\":{\"content\":\"Omnia Max\",\"margin_remove_bottom\":true,\"margin_remove_top\":true,\"text_align\":\"left\",\"text_align_breakpoint\":\"s\",\"text_align_fallback\":\"center\",\"title_element\":\"h2\",\"title_style\":\"h3\"}},{\"type\":\"headline\",\"props\":{\"content\":\"Tresor-Schl\\u00fcsselkopiermaschine\",\"margin_remove_bottom\":false,\"margin_remove_top\":true,\"text_align\":\"left\",\"text_align_breakpoint\":\"s\",\"text_align_fallback\":\"center\",\"title_element\":\"h2\",\"title_style\":\"h4\"}},{\"type\":\"text\",\"props\":{\"column_breakpoint\":\"m\",\"content\":\"\n\n<p>Omnia 650rpm ist die professionelle mechanische Schl\\u00fcsselkopiermaschine zum Kopieren von Bart- und Doppelbartschl\\u00fcsseln (m\\u00e4nnlich und weiblich), Pumpen- und Zentralstoppschl\\u00fcsseln. Die Omnia 650rpm verf\\u00fcgt \\u00fcber eine Geschwindigkeit von 650 U\\\/min und ist ideal f\\u00fcr das schnelle erstellen und gravieren von individuellen Schl\\u00fcsseln.<\\\/p>\",\"margin\":\"default\"}}]}]}],\"name\":\"About\"},{\"type\":\"section\",\"props\":{\"image_position\":\"center-center\",\"padding_remove_top\":true,\"status\":\"disabled\",\"style\":\"default\",\"title_breakpoint\":\"xl\",\"title_position\":\"top-left\",\"title_rotation\":\"left\",\"vertical_align\":\"middle\",\"width\":\"\"},\"children\":[{\"type\":\"row\",\"children\":[{\"type\":\"column\",\"props\":{\"image_position\":\"center-center\",\"position_sticky_breakpoint\":\"m\"},\"children\":[{\"type\":\"grid\",\"props\":{\"content_column_breakpoint\":\"m\",\"filter_align\":\"left\",\"filter_all\":true,\"filter_grid_breakpoint\":\"m\",\"filter_grid_width\":\"auto\",\"filter_position\":\"top\",\"filter_style\":\"tab\",\"grid_default\":\"1\",\"grid_medium\":\"\",\"grid_small\":\"3\",\"icon_width\":80,\"image_align\":\"top\",\"image_grid_breakpoint\":\"m\",\"image_grid_width\":\"1-2\",\"image_svg_color\":\"emphasis\",\"image_width\":\"610\",\"item_animation\":true,\"lightbox_bg_close\":true,\"link_style\":\"default\",\"link_text\":\"Read more\",\"margin\":\"large\",\"meta_align\":\"below-title\",\"meta_element\":\"div\",\"meta_style\":\"text-meta\",\"parallax_easing\":\"1\",\"show_content\":true,\"show_hover_image\":true,\"show_hover_video\":true,\"show_image\":true,\"show_link\":true,\"show_meta\":false,\"show_title\":false,\"show_video\":true,\"title_align\":\"top\",\"title_color\":\"muted\",\"title_element\":\"h4\",\"title_grid_breakpoint\":\"m\",\"title_grid_width\":\"1-2\",\"title_hover_style\":\"reset\",\"title_style\":\"h6\"},\"children\":[{\"type\":\"grid_item\",\"props\":{\"image\":\"wp-content\\\/uploads\\\/2025\\\/03\\\/flat-_v7c5179-high-resolutionk.jpg\",\"meta\":\"A Peek Into Our Sewing Atelier\",\"title\":\"Atelier\"}},{\"type\":\"grid_item\",\"props\":{\"image\":\"wp-content\\\/uploads\\\/2025\\\/03\\\/flat-_i3w4567-high-resolution_k.jpg\",\"title\":\"flat-_i3w4567-high-resolution_k\"}},{\"type\":\"grid_item\",\"props\":{\"image\":\"wp-content\\\/uploads\\\/2025\\\/03\\\/coined-212l0819-2-high-resolution_k.jpg\",\"title\":\"coined-212l0819-2-high-resolution_k\"}}]}]}]}]},{\"type\":\"section\",\"props\":{\"image_position\":\"center-center\",\"image_size\":\"cover\",\"image_width\":\"1840\",\"padding\":\"xlarge\",\"preserve_color\":false,\"style\":\"default\",\"text_color\":\"light\",\"title_breakpoint\":\"xl\",\"title_position\":\"top-left\",\"title_rotation\":\"left\",\"vertical_align\":\"\",\"video\":\"wp-content\\\/uploads\\\/2025\\\/03\\\/silca_gravierung_ausschnitt1.mp4\",\"width\":\"xlarge\"},\"children\":[{\"type\":\"row\",\"props\":{\"layout\":\"1-2,1-4,1-4|1-1,1-2,1-2\"},\"children\":[{\"type\":\"column\",\"props\":{\"image_position\":\"center-center\",\"position_sticky_breakpoint\":\"m\",\"width_medium\":\"1-2\",\"width_small\":\"1-1\"}},{\"type\":\"column\",\"props\":{\"image_position\":\"center-center\",\"position_sticky_breakpoint\":\"m\",\"width_medium\":\"1-4\",\"width_small\":\"1-2\"}},{\"type\":\"column\",\"props\":{\"image_position\":\"center-center\",\"position_sticky_breakpoint\":\"m\",\"width_medium\":\"1-4\",\"width_small\":\"1-2\"},\"children\":[{\"type\":\"headline\",\"props\":{\"animation\":\"parallax\",\"content\":\"Mehr sehen?\",\"parallax_easing\":\"1\",\"text_align\":\"left\",\"text_align_fallback\":\"center\",\"title_element\":\"h2\"}},{\"type\":\"button\",\"props\":{\"button_size\":\"large\",\"grid_column_gap\":\"small\",\"grid_row_gap\":\"small\",\"margin\":\"default\",\"text_align\":\"left\"},\"children\":[{\"type\":\"button_item\",\"props\":{\"button_style\":\"primary\",\"content\":\"ganzes Video\",\"dialog_layout\":\"modal\",\"dialog_offcanvas_flip\":true,\"icon_align\":\"left\",\"link\":\"https:\\\/\\\/www.youtube.com\\\/watch?v=xarAHqosq_4\",\"link_target\":\"blank\"}}]}]}]}],\"name\":\"Call to Action\"}],\"version\":\"4.5.13\"} --><\/p>\n","protected":false},"excerpt":{"rendered":"<p>Immer f\u00fcr Sie da 24 Stunden 7 Tage die Woche IMMER F\u00dcR SIE DA 24 Stunden 7 Tage die Woche Schl\u00fcsselnotdienst in Wangen 24\/7 f\u00fcr Sie da Unser Schl\u00fcsselnotdienst in Wangen und Umgebung (Umkreis 25 km) ist rund um die Uhr f\u00fcr Sie da \u2013 auch an Wochenenden und Feiertagen. Ob zugefallene T\u00fcr, verlorener oder [&hellip;]<\/p>\n","protected":false},"author":1,"featured_media":0,"parent":12,"menu_order":0,"comment_status":"closed","ping_status":"closed","template":"","meta":{"_acf_changed":false,"footnotes":""},"class_list":["post-3160","page","type-page","status-publish","hentry"],"acf":[],"_links":{"self":[{"href":"https:\/\/www.metallbau-hartinger.de\/index.php?rest_route=\/wp\/v2\/pages\/3160","targetHints":{"allow":["GET"]}}],"collection":[{"href":"https:\/\/www.metallbau-hartinger.de\/index.php?rest_route=\/wp\/v2\/pages"}],"about":[{"href":"https:\/\/www.metallbau-hartinger.de\/index.php?rest_route=\/wp\/v2\/types\/page"}],"author":[{"embeddable":true,"href":"https:\/\/www.metallbau-hartinger.de\/index.php?rest_route=\/wp\/v2\/users\/1"}],"replies":[{"embeddable":true,"href":"https:\/\/www.metallbau-hartinger.de\/index.php?rest_route=%2Fwp%2Fv2%2Fcomments&post=3160"}],"version-history":[{"count":181,"href":"https:\/\/www.metallbau-hartinger.de\/index.php?rest_route=\/wp\/v2\/pages\/3160\/revisions"}],"predecessor-version":[{"id":4804,"href":"https:\/\/www.metallbau-hartinger.de\/index.php?rest_route=\/wp\/v2\/pages\/3160\/revisions\/4804"}],"up":[{"embeddable":true,"href":"https:\/\/www.metallbau-hartinger.de\/index.php?rest_route=\/wp\/v2\/pages\/12"}],"wp:attachment":[{"href":"https:\/\/www.metallbau-hartinger.de\/index.php?rest_route=%2Fwp%2Fv2%2Fmedia&parent=3160"}],"curies":[{"name":"wp","href":"https:\/\/api.w.org\/{rel}","templated":true}]}}